{"id":1751,"date":"2024-11-04T14:49:29","date_gmt":"2024-11-04T14:49:29","guid":{"rendered":"https:\/\/mindbodymedicine.vagabunt-agentur.de\/?page_id=1751"},"modified":"2026-01-29T05:24:11","modified_gmt":"2026-01-29T05:24:11","slug":"imprint","status":"publish","type":"page","link":"https:\/\/digital-health-space.ch\/en\/imprint","title":{"rendered":"Imprint"},"content":{"rendered":"<div data-elementor-type=\"wp-page\" data-elementor-id=\"1751\" class=\"elementor elementor-1751\" data-elementor-post-type=\"page\">\n\t\t\t\t<div class=\"elementor-element elementor-element-8b5f7eb e-flex e-con-boxed e-con e-parent\" data-id=\"8b5f7eb\" data-element_type=\"container\" data-settings=\"{&quot;background_background&quot;:&quot;classic&quot;}\">\n\t\t\t\t\t<div class=\"e-con-inner\">\n\t\t<div class=\"elementor-element elementor-element-241dcf5 e-con-full e-flex e-con e-child\" data-id=\"241dcf5\" data-element_type=\"container\" data-settings=\"{&quot;background_background&quot;:&quot;gradient&quot;}\">\n\t\t<div class=\"elementor-element elementor-element-4c1d0fc e-con-full e-flex e-con e-child\" data-id=\"4c1d0fc\" data-element_type=\"container\">\n\t\t\t\t<div class=\"elementor-element elementor-element-b081f3b elementor-invisible elementor-widget elementor-widget-heading\" data-id=\"b081f3b\" data-element_type=\"widget\" data-settings=\"{&quot;_animation&quot;:&quot;fadeInUp&quot;}\" data-widget_type=\"heading.default\">\n\t\t\t\t<div class=\"elementor-widget-container\">\n\t\t\t\t\t<h1 class=\"elementor-heading-title elementor-size-default\">Imprint<\/h1>\t\t\t\t<\/div>\n\t\t\t\t<\/div>\n\t\t\t\t<\/div>\n\t\t\t\t<\/div>\n\t\t<div class=\"elementor-element elementor-element-1bbad07 e-con-full e-flex e-con e-child\" data-id=\"1bbad07\" data-element_type=\"container\">\n\t\t\t\t<div class=\"elementor-element elementor-element-84158a2 elementor-widget elementor-widget-text-editor\" data-id=\"84158a2\" data-element_type=\"widget\" data-widget_type=\"text-editor.default\">\n\t\t\t\t<div class=\"elementor-widget-container\">\n\t\t\t\t\t\t\t\t\t<p><strong>Information according to \u00a7 5 TMG (Germany) or Art. 14 para. 1 let. a UWG (Switzerland)<\/strong><\/p><p><strong>Operator of the website:<\/strong><\/p><p style=\"font-weight: 400;\" class=\"translation-block\">Complementary and Integrative Digital Health\nInstitute of Primary Care \u2013 University of Zurich and University Hospital Zurich<\/p><p style=\"font-weight: 400;\">Prof. Dr. med. Claudia Witt<br \/>Sonneggstrasse 6<br \/>8091 Z\u00fcrich<br \/>Switzerland<\/p><p><strong>Contact<\/strong><br \/>E-Mail: claudia.witt(a)uzh.ch<br \/>Website: <a href=\"https:\/\/digital-health-space.ch\/en\/\" target=\"_new\" rel=\"noopener\">digital-health-space.ch<\/a><\/p><p><strong>Responsible for the content according to \u00a7 18 Abs. 2 MStV (Germany):<\/strong><br \/>Prof. Dr. med. Claudia Witt<br \/>Chair of Complementary and Integrative Digital Health<br \/>Institute of Primary Care \u2013 University of Zurich and University Hospital Zurich<br \/>Sonneggstrasse 6<br \/>8091 Z\u00fcrich<br \/>Switzerland<\/p><p><strong>Design and implementation of the website:<\/strong><\/p><p>Vagabunt Kreativagentur<br \/>Elisenstrasse 13<br \/>22087 Hamburg<\/p><p><strong>E:<\/strong>\u00a0<a href=\"mailto:info@vagabunt-agentur.de\">info@vagabunt-agentur.de<\/a><br \/><strong>W:<\/strong>\u00a0<a href=\"https:\/\/vagabunt-agentur.de\/\">www.vagabunt-agentur.de<\/a><\/p><p><strong>Exclusion of liability (disclaimer):<\/strong><\/p><p style=\"font-weight: 400;\">Digital Health Space strives to provide information that is accurate and reflects the current state of knowledge. However, Digital Health Space does not guarantee the correctness, accuracy, timeliness, reliability, or completeness of the information. No rights can be derived from the information provided or its use.<br \/>Liability claims against Digital Health Space for material or immaterial damages arising from access to or use or non-use of the published information, misuse of the connection, or technical faults are excluded.<\/p><p style=\"font-weight: 400;\">All offers are non-binding. Digital Health Space expressly reserves the right to change, supplement, delete parts of the pages, or the entire offering without separate announcement, or to temporarily or permanently cease publication.<\/p><p><strong>Disclaimer for Content and Links<\/strong><\/p><p style=\"font-weight: 400;\">References and links to third-party websites are outside our area of responsibility. We reject any responsibility for such websites. Access to and use of such websites are at the user\u2019s own risk.<\/p><p><strong>Copyright Statement<\/strong><\/p><p style=\"font-weight: 400;\">The copyright and all other rights to content, images, photos, or other files on this website belong exclusively to Digital Health Space or the specifically named rights holders.<\/p><p style=\"font-weight: 400;\">We strive to make as much material as possible freely usable. Usage rights for the respective materials are described directly with those materials. For the use of content without described usage rights or in cases of uncertainty, please contact us.<\/p>\t\t\t\t\t\t\t\t<\/div>\n\t\t\t\t<\/div>\n\t\t\t\t<\/div>\n\t\t\t\t\t<\/div>\n\t\t\t\t<\/div>\n\t\t\t\t<\/div>","protected":false},"excerpt":{"rendered":"<p>Impressum Angaben gem\u00e4\u00df \u00a7 5 TMG (Deutschland) bzw. Art. 14 Abs. 1 Bst. a UWG (Schweiz) Betreiber der Website: Lehrstuhl f\u00fcr Komplement\u00e4re und Integrative Digitale GesundheitInstitut f\u00fcr Hausarztmedizin \u2013 Universit\u00e4t Z\u00fcrich und Universit\u00e4tsspital Z\u00fcrich Prof. Dr. med. Claudia WittSonneggstrasse 68091 Z\u00fcrichSchweiz Kontakt:E-Mail: claudia.witt(a)uzh.chWebsite: digital-health-space.ch Verantwortlich f\u00fcr den Inhalt gem\u00e4\u00df \u00a7 18 Abs. 2 MStV (Deutschland):Prof. [&hellip;]<\/p>","protected":false},"author":1,"featured_media":0,"parent":0,"menu_order":0,"comment_status":"closed","ping_status":"closed","template":"","meta":{"_acf_changed":false,"_monsterinsights_skip_tracking":false,"_monsterinsights_sitenote_active":false,"_monsterinsights_sitenote_note":"","_monsterinsights_sitenote_category":0,"footnotes":""},"class_list":["post-1751","page","type-page","status-publish","hentry"],"acf":[],"yoast_head":"<!-- This site is optimized with the Yoast SEO plugin v25.7 - https:\/\/yoast.com\/wordpress\/plugins\/seo\/ -->\n<title>\u00dcber Uns \u2013 Digital Health Space an der Uni Z\u00fcrich<\/title>\n<meta name=\"description\" content=\"Lernen Sie das Team &amp; die Vision der Universit\u00e4t Z\u00fcrich kennen \u2013 f\u00fcr eine ganzheitliche Gesundheitsf\u00f6rderung durch das Digital Health Space.\" \/>\n<meta name=\"robots\" content=\"index, follow, max-snippet:-1, max-image-preview:large, max-video-preview:-1\" \/>\n<link rel=\"canonical\" href=\"https:\/\/digital-health-space.ch\/en\/imprint\" \/>\n<meta property=\"og:locale\" content=\"en_GB\" \/>\n<meta property=\"og:type\" content=\"article\" \/>\n<meta property=\"og:title\" content=\"\u00dcber Uns \u2013 Digital Health Space an der Uni Z\u00fcrich\" \/>\n<meta property=\"og:description\" content=\"Lernen Sie das Team &amp; die Vision der Universit\u00e4t Z\u00fcrich kennen \u2013 f\u00fcr eine ganzheitliche Gesundheitsf\u00f6rderung durch das Digital Health Space.\" \/>\n<meta property=\"og:url\" content=\"https:\/\/digital-health-space.ch\/en\/imprint\" \/>\n<meta property=\"og:site_name\" content=\"Digital Health Space\" \/>\n<meta property=\"article:modified_time\" content=\"2026-01-29T05:24:11+00:00\" \/>\n<meta name=\"twitter:card\" content=\"summary_large_image\" \/>\n<meta name=\"twitter:label1\" content=\"Estimated reading time\" \/>\n\t<meta name=\"twitter:data1\" content=\"2 minutes\" \/>\n<script type=\"application\/ld+json\" class=\"yoast-schema-graph\">{\"@context\":\"https:\/\/schema.org\",\"@graph\":[{\"@type\":\"WebPage\",\"@id\":\"https:\/\/digital-health-space.ch\/impressum\",\"url\":\"https:\/\/digital-health-space.ch\/impressum\",\"name\":\"\u00dcber Uns \u2013 Digital Health Space an der Uni Z\u00fcrich\",\"isPartOf\":{\"@id\":\"https:\/\/digital-health-space.ch\/#website\"},\"datePublished\":\"2024-11-04T14:49:29+00:00\",\"dateModified\":\"2026-01-29T05:24:11+00:00\",\"description\":\"Lernen Sie das Team & die Vision der Universit\u00e4t Z\u00fcrich kennen \u2013 f\u00fcr eine ganzheitliche Gesundheitsf\u00f6rderung durch das Digital Health Space.\",\"breadcrumb\":{\"@id\":\"https:\/\/digital-health-space.ch\/impressum#breadcrumb\"},\"inLanguage\":\"en-GB\",\"potentialAction\":[{\"@type\":\"ReadAction\",\"target\":[\"https:\/\/digital-health-space.ch\/impressum\"]}]},{\"@type\":\"BreadcrumbList\",\"@id\":\"https:\/\/digital-health-space.ch\/impressum#breadcrumb\",\"itemListElement\":[{\"@type\":\"ListItem\",\"position\":1,\"name\":\"Startseite\",\"item\":\"https:\/\/digital-health-space.ch\/\"},{\"@type\":\"ListItem\",\"position\":2,\"name\":\"Impressum\"}]},{\"@type\":\"WebSite\",\"@id\":\"https:\/\/digital-health-space.ch\/#website\",\"url\":\"https:\/\/digital-health-space.ch\/\",\"name\":\"Digital Health Space\",\"description\":\"Lehrstuhl f\u00fcr Komplement\u00e4r- und Integrative Medizin der Universit\u00e4t Z\u00fcrich\",\"publisher\":{\"@id\":\"https:\/\/digital-health-space.ch\/#organization\"},\"potentialAction\":[{\"@type\":\"SearchAction\",\"target\":{\"@type\":\"EntryPoint\",\"urlTemplate\":\"https:\/\/digital-health-space.ch\/?s={search_term_string}\"},\"query-input\":{\"@type\":\"PropertyValueSpecification\",\"valueRequired\":true,\"valueName\":\"search_term_string\"}}],\"inLanguage\":\"en-GB\"},{\"@type\":\"Organization\",\"@id\":\"https:\/\/digital-health-space.ch\/#organization\",\"name\":\"Digital Health Space\",\"url\":\"https:\/\/digital-health-space.ch\/\",\"logo\":{\"@type\":\"ImageObject\",\"inLanguage\":\"en-GB\",\"@id\":\"https:\/\/digital-health-space.ch\/#\/schema\/logo\/image\/\",\"url\":\"https:\/\/digital-health-space.ch\/wp-content\/uploads\/2024\/10\/cropped-Logo-Medium-scaled-1.webp\",\"contentUrl\":\"https:\/\/digital-health-space.ch\/wp-content\/uploads\/2024\/10\/cropped-Logo-Medium-scaled-1.webp\",\"width\":2560,\"height\":236,\"caption\":\"Digital Health Space\"},\"image\":{\"@id\":\"https:\/\/digital-health-space.ch\/#\/schema\/logo\/image\/\"}}]}<\/script>\n<!-- \/ Yoast SEO plugin. -->","yoast_head_json":{"title":"About Us \u2013 Digital Health Space at the University of Zurich","description":"Lernen Sie das Team & die Vision der Universit\u00e4t Z\u00fcrich kennen \u2013 f\u00fcr eine ganzheitliche Gesundheitsf\u00f6rderung durch das Digital Health Space.","robots":{"index":"index","follow":"follow","max-snippet":"max-snippet:-1","max-image-preview":"max-image-preview:large","max-video-preview":"max-video-preview:-1"},"canonical":"https:\/\/digital-health-space.ch\/en\/imprint","og_locale":"en_GB","og_type":"article","og_title":"\u00dcber Uns \u2013 Digital Health Space an der Uni Z\u00fcrich","og_description":"Lernen Sie das Team & die Vision der Universit\u00e4t Z\u00fcrich kennen \u2013 f\u00fcr eine ganzheitliche Gesundheitsf\u00f6rderung durch das Digital Health Space.","og_url":"https:\/\/digital-health-space.ch\/en\/imprint","og_site_name":"Digital Health Space","article_modified_time":"2026-01-29T05:24:11+00:00","twitter_card":"summary_large_image","twitter_misc":{"Estimated reading time":"2 minutes"},"schema":{"@context":"https:\/\/schema.org","@graph":[{"@type":"WebPage","@id":"https:\/\/digital-health-space.ch\/impressum","url":"https:\/\/digital-health-space.ch\/impressum","name":"About Us \u2013 Digital Health Space at the University of Zurich","isPartOf":{"@id":"https:\/\/digital-health-space.ch\/#website"},"datePublished":"2024-11-04T14:49:29+00:00","dateModified":"2026-01-29T05:24:11+00:00","description":"Lernen Sie das Team & die Vision der Universit\u00e4t Z\u00fcrich kennen \u2013 f\u00fcr eine ganzheitliche Gesundheitsf\u00f6rderung durch das Digital Health Space.","breadcrumb":{"@id":"https:\/\/digital-health-space.ch\/impressum#breadcrumb"},"inLanguage":"en-GB","potentialAction":[{"@type":"ReadAction","target":["https:\/\/digital-health-space.ch\/impressum"]}]},{"@type":"BreadcrumbList","@id":"https:\/\/digital-health-space.ch\/impressum#breadcrumb","itemListElement":[{"@type":"ListItem","position":1,"name":"Startseite","item":"https:\/\/digital-health-space.ch\/"},{"@type":"ListItem","position":2,"name":"Impressum"}]},{"@type":"WebSite","@id":"https:\/\/digital-health-space.ch\/#website","url":"https:\/\/digital-health-space.ch\/","name":"Digital Health Space","description":"Chair of Complementary and Integrative Medicine at the University of Zurich","publisher":{"@id":"https:\/\/digital-health-space.ch\/#organization"},"potentialAction":[{"@type":"SearchAction","target":{"@type":"EntryPoint","urlTemplate":"https:\/\/digital-health-space.ch\/?s={search_term_string}"},"query-input":{"@type":"PropertyValueSpecification","valueRequired":true,"valueName":"search_term_string"}}],"inLanguage":"en-GB"},{"@type":"Organization","@id":"https:\/\/digital-health-space.ch\/#organization","name":"Digital Health Space","url":"https:\/\/digital-health-space.ch\/","logo":{"@type":"ImageObject","inLanguage":"en-GB","@id":"https:\/\/digital-health-space.ch\/#\/schema\/logo\/image\/","url":"https:\/\/digital-health-space.ch\/wp-content\/uploads\/2024\/10\/cropped-Logo-Medium-scaled-1.webp","contentUrl":"https:\/\/digital-health-space.ch\/wp-content\/uploads\/2024\/10\/cropped-Logo-Medium-scaled-1.webp","width":2560,"height":236,"caption":"Digital Health Space"},"image":{"@id":"https:\/\/digital-health-space.ch\/#\/schema\/logo\/image\/"}}]}},"_links":{"self":[{"href":"https:\/\/digital-health-space.ch\/en\/wp-json\/wp\/v2\/pages\/1751","targetHints":{"allow":["GET"]}}],"collection":[{"href":"https:\/\/digital-health-space.ch\/en\/wp-json\/wp\/v2\/pages"}],"about":[{"href":"https:\/\/digital-health-space.ch\/en\/wp-json\/wp\/v2\/types\/page"}],"author":[{"embeddable":true,"href":"https:\/\/digital-health-space.ch\/en\/wp-json\/wp\/v2\/users\/1"}],"replies":[{"embeddable":true,"href":"https:\/\/digital-health-space.ch\/en\/wp-json\/wp\/v2\/comments?post=1751"}],"version-history":[{"count":3,"href":"https:\/\/digital-health-space.ch\/en\/wp-json\/wp\/v2\/pages\/1751\/revisions"}],"predecessor-version":[{"id":4611,"href":"https:\/\/digital-health-space.ch\/en\/wp-json\/wp\/v2\/pages\/1751\/revisions\/4611"}],"wp:attachment":[{"href":"https:\/\/digital-health-space.ch\/en\/wp-json\/wp\/v2\/media?parent=1751"}],"curies":[{"name":"wp","href":"https:\/\/api.w.org\/{rel}","templated":true}]}}