{"id":2339,"date":"2025-01-20T14:41:20","date_gmt":"2025-01-20T14:41:20","guid":{"rendered":"https:\/\/digital-health-space.ch\/?page_id=2339"},"modified":"2025-07-24T08:49:20","modified_gmt":"2025-07-24T08:49:20","slug":"ai-and-evidence-based-medicine","status":"publish","type":"page","link":"https:\/\/digital-health-space.ch\/en\/ai-and-evidence-based-medicine","title":{"rendered":"Evidenzbasierte Medizin &#038; KI"},"content":{"rendered":"<div data-elementor-type=\"wp-page\" data-elementor-id=\"2339\" class=\"elementor elementor-2339\" data-elementor-post-type=\"page\">\n\t\t\t\t<div class=\"elementor-element elementor-element-3f84376 e-flex e-con-boxed e-con e-parent\" data-id=\"3f84376\" data-element_type=\"container\">\n\t\t\t\t\t<div class=\"e-con-inner\">\n\t\t<div class=\"elementor-element elementor-element-d7c12d1 e-con-full e-transform e-flex e-con e-child\" data-id=\"d7c12d1\" data-element_type=\"container\" data-settings=\"{&quot;background_background&quot;:&quot;classic&quot;,&quot;_transform_scale_effect_hover&quot;:{&quot;unit&quot;:&quot;px&quot;,&quot;size&quot;:0.97,&quot;sizes&quot;:[]},&quot;_transform_scale_effect_hover_tablet&quot;:{&quot;unit&quot;:&quot;px&quot;,&quot;size&quot;:&quot;&quot;,&quot;sizes&quot;:[]},&quot;_transform_scale_effect_hover_mobile&quot;:{&quot;unit&quot;:&quot;px&quot;,&quot;size&quot;:&quot;&quot;,&quot;sizes&quot;:[]}}\">\n\t\t\t\t<div class=\"elementor-element elementor-element-852c34d elementor-invisible elementor-widget elementor-widget-image\" data-id=\"852c34d\" data-element_type=\"widget\" data-settings=\"{&quot;_animation&quot;:&quot;fadeInUp&quot;,&quot;_animation_delay&quot;:200}\" data-widget_type=\"image.default\">\n\t\t\t\t<div class=\"elementor-widget-container\">\n\t\t\t\t\t\t\t\t\t\t\t\t\t\t\t<img fetchpriority=\"high\" decoding=\"async\" width=\"628\" height=\"613\" src=\"https:\/\/digital-health-space.ch\/wp-content\/uploads\/2025\/01\/AI-and-Evidence-based-Medicine.png\" class=\"attachment-large size-large wp-image-2335\" alt=\"\" srcset=\"https:\/\/digital-health-space.ch\/wp-content\/uploads\/2025\/01\/AI-and-Evidence-based-Medicine.png 628w, https:\/\/digital-health-space.ch\/wp-content\/uploads\/2025\/01\/AI-and-Evidence-based-Medicine-12x12.png 12w\" sizes=\"(max-width: 628px) 100vw, 628px\" \/>\t\t\t\t\t\t\t\t\t\t\t\t\t\t\t<\/div>\n\t\t\t\t<\/div>\n\t\t\t\t<\/div>\n\t\t<div class=\"elementor-element elementor-element-c015a72 e-con-full e-flex elementor-invisible e-con e-child\" data-id=\"c015a72\" data-element_type=\"container\" data-settings=\"{&quot;background_background&quot;:&quot;classic&quot;,&quot;animation&quot;:&quot;fadeInDown&quot;}\">\n\t\t\t\t<div class=\"elementor-element elementor-element-65cbdc4 elementor-widget elementor-widget-heading\" data-id=\"65cbdc4\" data-element_type=\"widget\" data-widget_type=\"heading.default\">\n\t\t\t\t<div class=\"elementor-widget-container\">\n\t\t\t\t\t<h1 class=\"elementor-heading-title elementor-size-default\">Evidence Based <br>Medicine &amp; AI<\/h1>\t\t\t\t<\/div>\n\t\t\t\t<\/div>\n\t\t\t\t<div class=\"elementor-element elementor-element-b4508c2 elementor-widget__width-initial elementor-widget-mobile__width-inherit elementor-invisible elementor-widget elementor-widget-heading\" data-id=\"b4508c2\" data-element_type=\"widget\" data-settings=\"{&quot;_animation&quot;:&quot;fadeInUp&quot;}\" data-widget_type=\"heading.default\">\n\t\t\t\t<div class=\"elementor-widget-container\">\n\t\t\t\t\t<h2 class=\"elementor-heading-title elementor-size-default\">AI has the potential to transform Evidence Based Medicine<\/h2>\t\t\t\t<\/div>\n\t\t\t\t<\/div>\n\t\t\t\t<\/div>\n\t\t\t\t\t<\/div>\n\t\t\t\t<\/div>\n\t\t<div class=\"elementor-element elementor-element-a0a276a e-flex e-con-boxed e-con e-parent\" data-id=\"a0a276a\" data-element_type=\"container\" data-settings=\"{&quot;background_background&quot;:&quot;classic&quot;}\">\n\t\t\t\t\t<div class=\"e-con-inner\">\n\t\t<div class=\"elementor-element elementor-element-93636a8 e-con-full e-flex e-con e-child\" data-id=\"93636a8\" data-element_type=\"container\" data-settings=\"{&quot;background_background&quot;:&quot;gradient&quot;}\">\n\t\t<div class=\"elementor-element elementor-element-aaf9613 e-con-full e-flex e-con e-child\" data-id=\"aaf9613\" data-element_type=\"container\">\n\t\t\t\t<div class=\"elementor-element elementor-element-e6d78f9 elementor-widget elementor-widget-text-editor\" data-id=\"e6d78f9\" data-element_type=\"widget\" data-widget_type=\"text-editor.default\">\n\t\t\t\t<div class=\"elementor-widget-container\">\n\t\t\t\t\t\t\t\t\t<p>Evidence Based Medicine focuses on making healthcare decisions based on the best available research evidence, clinical expertise, and patient preferences.<\/p><p>Artificial Intelligence (AI) has the potential to support Evidence Based Medicine in several ways. For example, it can streamline access to research by quickly identifying relevant studies and summarizing complex information into clear, concise language. AI can also keep evidence up to date by continuously monitoring new research and maintaining current guidelines. Additionally, it can enable personalized decision-making by combining clinical evidence with patient-specific data.<\/p><p>While AI offers exciting opportunities, it must be used responsibly. Ensuring AI tools are accurate, unbiased, and transparent is crucial for maintaining trust and reliability in healthcare.<\/p><p>By combining the strengths of AI with human expertise, Evidence Based Medicine can progress further, improving how evidence is identified, understood, and applied to achieve better health outcomes for everyone.<\/p>\t\t\t\t\t\t\t\t<\/div>\n\t\t\t\t<\/div>\n\t\t\t\t<\/div>\n\t\t\t\t<\/div>\n\t\t\t\t\t<\/div>\n\t\t\t\t<\/div>\n\t\t<div class=\"elementor-element elementor-element-b09a757 e-flex e-con-boxed e-con e-parent\" data-id=\"b09a757\" data-element_type=\"container\">\n\t\t\t\t\t<div class=\"e-con-inner\">\n\t\t<a class=\"elementor-element elementor-element-a456e0e e-con-full e-transform e-flex elementor-invisible e-con e-child\" data-id=\"a456e0e\" data-element_type=\"container\" data-settings=\"{&quot;background_background&quot;:&quot;classic&quot;,&quot;animation&quot;:&quot;fadeInLeft&quot;,&quot;animation_delay&quot;:700,&quot;_transform_scale_effect_hover&quot;:{&quot;unit&quot;:&quot;px&quot;,&quot;size&quot;:0.97,&quot;sizes&quot;:[]},&quot;_transform_scale_effect_hover_tablet&quot;:{&quot;unit&quot;:&quot;px&quot;,&quot;size&quot;:&quot;&quot;,&quot;sizes&quot;:[]},&quot;_transform_scale_effect_hover_mobile&quot;:{&quot;unit&quot;:&quot;px&quot;,&quot;size&quot;:&quot;&quot;,&quot;sizes&quot;:[]}}\" href=\"\/en\/multiple-sclerosis\/\">\n\t\t\t\t<div class=\"elementor-element elementor-element-7b5aea4 elementor-widget__width-initial elementor-invisible elementor-widget elementor-widget-image\" data-id=\"7b5aea4\" data-element_type=\"widget\" data-settings=\"{&quot;_animation&quot;:&quot;fadeInUp&quot;,&quot;_animation_delay&quot;:200}\" data-widget_type=\"image.default\">\n\t\t\t\t<div class=\"elementor-widget-container\">\n\t\t\t\t\t\t\t\t\t\t\t\t\t\t\t<img decoding=\"async\" width=\"1563\" height=\"1563\" src=\"https:\/\/digital-health-space.ch\/wp-content\/uploads\/2025\/06\/Untitled-design-37.png\" class=\"attachment-full size-full wp-image-3235\" alt=\"\" srcset=\"https:\/\/digital-health-space.ch\/wp-content\/uploads\/2025\/06\/Untitled-design-37.png 1563w, https:\/\/digital-health-space.ch\/wp-content\/uploads\/2025\/06\/Untitled-design-37-1024x1024.png 1024w, https:\/\/digital-health-space.ch\/wp-content\/uploads\/2025\/06\/Untitled-design-37-768x768.png 768w, https:\/\/digital-health-space.ch\/wp-content\/uploads\/2025\/06\/Untitled-design-37-1536x1536.png 1536w, https:\/\/digital-health-space.ch\/wp-content\/uploads\/2025\/06\/Untitled-design-37-12x12.png 12w\" sizes=\"(max-width: 1563px) 100vw, 1563px\" \/>\t\t\t\t\t\t\t\t\t\t\t\t\t\t\t<\/div>\n\t\t\t\t<\/div>\n\t\t\t\t<div class=\"elementor-element elementor-element-01eb47d elementor-invisible elementor-widget elementor-widget-heading\" data-id=\"01eb47d\" data-element_type=\"widget\" data-settings=\"{&quot;_animation&quot;:&quot;fadeIn&quot;}\" data-widget_type=\"heading.default\">\n\t\t\t\t<div class=\"elementor-widget-container\">\n\t\t\t\t\t<h3 class=\"elementor-heading-title elementor-size-default\">Use Case: Multiple Sclerosis<\/h3>\t\t\t\t<\/div>\n\t\t\t\t<\/div>\n\t\t\t\t<\/a>\n\t\t<a class=\"elementor-element elementor-element-5093374 e-con-full e-transform e-flex elementor-invisible e-con e-child\" data-id=\"5093374\" data-element_type=\"container\" data-settings=\"{&quot;background_background&quot;:&quot;classic&quot;,&quot;animation&quot;:&quot;fadeInRight&quot;,&quot;animation_delay&quot;:700,&quot;_transform_scale_effect_hover&quot;:{&quot;unit&quot;:&quot;px&quot;,&quot;size&quot;:0.97,&quot;sizes&quot;:[]},&quot;_transform_scale_effect_hover_tablet&quot;:{&quot;unit&quot;:&quot;px&quot;,&quot;size&quot;:&quot;&quot;,&quot;sizes&quot;:[]},&quot;_transform_scale_effect_hover_mobile&quot;:{&quot;unit&quot;:&quot;px&quot;,&quot;size&quot;:&quot;&quot;,&quot;sizes&quot;:[]}}\" href=\"\/en\/about\/\">\n\t\t\t\t<div class=\"elementor-element elementor-element-00da327 elementor-invisible elementor-widget elementor-widget-heading\" data-id=\"00da327\" data-element_type=\"widget\" data-settings=\"{&quot;_animation&quot;:&quot;fadeIn&quot;}\" data-widget_type=\"heading.default\">\n\t\t\t\t<div class=\"elementor-widget-container\">\n\t\t\t\t\t<h3 class=\"elementor-heading-title elementor-size-default\">About us<\/h3>\t\t\t\t<\/div>\n\t\t\t\t<\/div>\n\t\t\t\t<div class=\"elementor-element elementor-element-bbc1a1d elementor-widget elementor-widget-image\" data-id=\"bbc1a1d\" data-element_type=\"widget\" data-widget_type=\"image.default\">\n\t\t\t\t<div class=\"elementor-widget-container\">\n\t\t\t\t\t\t\t\t\t\t\t\t\t\t\t<img decoding=\"async\" width=\"800\" height=\"873\" src=\"https:\/\/digital-health-space.ch\/wp-content\/uploads\/2024\/10\/aboutus-e1729857360854-938x1024.webp\" class=\"attachment-large size-large wp-image-646\" alt=\"\" srcset=\"https:\/\/digital-health-space.ch\/wp-content\/uploads\/2024\/10\/aboutus-e1729857360854-938x1024.webp 938w, https:\/\/digital-health-space.ch\/wp-content\/uploads\/2024\/10\/aboutus-e1729857360854-768x838.webp 768w, https:\/\/digital-health-space.ch\/wp-content\/uploads\/2024\/10\/aboutus-e1729857360854-11x12.webp 11w, https:\/\/digital-health-space.ch\/wp-content\/uploads\/2024\/10\/aboutus-e1729857360854.webp 1300w\" sizes=\"(max-width: 800px) 100vw, 800px\" \/>\t\t\t\t\t\t\t\t\t\t\t\t\t\t\t<\/div>\n\t\t\t\t<\/div>\n\t\t\t\t<\/a>\n\t\t\t\t\t<\/div>\n\t\t\t\t<\/div>\n\t\t<div class=\"elementor-element elementor-element-97b89ff e-flex e-con-boxed e-con e-parent\" data-id=\"97b89ff\" data-element_type=\"container\">\n\t\t\t\t\t<div class=\"e-con-inner\">\n\t\t<a class=\"elementor-element elementor-element-43406c2 e-con-full e-transform e-flex elementor-invisible e-con e-child\" data-id=\"43406c2\" data-element_type=\"container\" data-settings=\"{&quot;background_background&quot;:&quot;classic&quot;,&quot;animation&quot;:&quot;fadeInRight&quot;,&quot;animation_delay&quot;:700,&quot;_transform_scale_effect_hover&quot;:{&quot;unit&quot;:&quot;px&quot;,&quot;size&quot;:0.97,&quot;sizes&quot;:[]},&quot;_transform_scale_effect_hover_tablet&quot;:{&quot;unit&quot;:&quot;px&quot;,&quot;size&quot;:&quot;&quot;,&quot;sizes&quot;:[]},&quot;_transform_scale_effect_hover_mobile&quot;:{&quot;unit&quot;:&quot;px&quot;,&quot;size&quot;:&quot;&quot;,&quot;sizes&quot;:[]}}\" href=\"\/en\/publications\/\">\n\t\t\t\t<div class=\"elementor-element elementor-element-592bd7b elementor-invisible elementor-widget elementor-widget-heading\" data-id=\"592bd7b\" data-element_type=\"widget\" data-settings=\"{&quot;_animation&quot;:&quot;fadeIn&quot;}\" data-widget_type=\"heading.default\">\n\t\t\t\t<div class=\"elementor-widget-container\">\n\t\t\t\t\t<h3 class=\"elementor-heading-title elementor-size-default\">Publications<\/h3>\t\t\t\t<\/div>\n\t\t\t\t<\/div>\n\t\t\t\t<div class=\"elementor-element elementor-element-e5e4f00 elementor-widget__width-initial elementor-widget elementor-widget-image\" data-id=\"e5e4f00\" data-element_type=\"widget\" data-widget_type=\"image.default\">\n\t\t\t\t<div class=\"elementor-widget-container\">\n\t\t\t\t\t\t\t\t\t\t\t\t\t\t\t<img loading=\"lazy\" decoding=\"async\" width=\"800\" height=\"800\" src=\"https:\/\/digital-health-space.ch\/wp-content\/uploads\/2025\/06\/Untitled-design-24-1024x1024.png\" class=\"attachment-large size-large wp-image-3134\" alt=\"\" srcset=\"https:\/\/digital-health-space.ch\/wp-content\/uploads\/2025\/06\/Untitled-design-24-1024x1024.png 1024w, https:\/\/digital-health-space.ch\/wp-content\/uploads\/2025\/06\/Untitled-design-24-768x768.png 768w, https:\/\/digital-health-space.ch\/wp-content\/uploads\/2025\/06\/Untitled-design-24.png 1563w\" sizes=\"(max-width: 800px) 100vw, 800px\" \/>\t\t\t\t\t\t\t\t\t\t\t\t\t\t\t<\/div>\n\t\t\t\t<\/div>\n\t\t\t\t<\/a>\n\t\t<a class=\"elementor-element elementor-element-0ff2010 e-con-full e-transform e-flex elementor-invisible e-con e-child\" data-id=\"0ff2010\" data-element_type=\"container\" data-settings=\"{&quot;background_background&quot;:&quot;classic&quot;,&quot;animation&quot;:&quot;fadeInLeft&quot;,&quot;animation_delay&quot;:700,&quot;_transform_scale_effect_hover&quot;:{&quot;unit&quot;:&quot;px&quot;,&quot;size&quot;:0.97,&quot;sizes&quot;:[]},&quot;_transform_scale_effect_hover_tablet&quot;:{&quot;unit&quot;:&quot;px&quot;,&quot;size&quot;:&quot;&quot;,&quot;sizes&quot;:[]},&quot;_transform_scale_effect_hover_mobile&quot;:{&quot;unit&quot;:&quot;px&quot;,&quot;size&quot;:&quot;&quot;,&quot;sizes&quot;:[]}}\" href=\"\/en\/use-case-digital-health-interventions-for-cancer-patients\/\">\n\t\t\t\t<div class=\"elementor-element elementor-element-7d7027b elementor-widget__width-initial elementor-invisible elementor-widget elementor-widget-image\" data-id=\"7d7027b\" data-element_type=\"widget\" data-settings=\"{&quot;_animation&quot;:&quot;fadeInUp&quot;,&quot;_animation_delay&quot;:200}\" data-widget_type=\"image.default\">\n\t\t\t\t<div class=\"elementor-widget-container\">\n\t\t\t\t\t\t\t\t\t\t\t\t\t\t\t<img loading=\"lazy\" decoding=\"async\" width=\"1563\" height=\"1563\" src=\"https:\/\/digital-health-space.ch\/wp-content\/uploads\/2025\/06\/Untitled-design-8.png\" class=\"attachment-full size-full wp-image-2717\" alt=\"\" srcset=\"https:\/\/digital-health-space.ch\/wp-content\/uploads\/2025\/06\/Untitled-design-8.png 1563w, https:\/\/digital-health-space.ch\/wp-content\/uploads\/2025\/06\/Untitled-design-8-1024x1024.png 1024w, https:\/\/digital-health-space.ch\/wp-content\/uploads\/2025\/06\/Untitled-design-8-768x768.png 768w, https:\/\/digital-health-space.ch\/wp-content\/uploads\/2025\/06\/Untitled-design-8-1536x1536.png 1536w, https:\/\/digital-health-space.ch\/wp-content\/uploads\/2025\/06\/Untitled-design-8-12x12.png 12w\" sizes=\"(max-width: 1563px) 100vw, 1563px\" \/>\t\t\t\t\t\t\t\t\t\t\t\t\t\t\t<\/div>\n\t\t\t\t<\/div>\n\t\t\t\t<div class=\"elementor-element elementor-element-e4778bf elementor-invisible elementor-widget elementor-widget-heading\" data-id=\"e4778bf\" data-element_type=\"widget\" data-settings=\"{&quot;_animation&quot;:&quot;fadeIn&quot;}\" data-widget_type=\"heading.default\">\n\t\t\t\t<div class=\"elementor-widget-container\">\n\t\t\t\t\t<h3 class=\"elementor-heading-title elementor-size-default\">Use Case: Digital Health Interventions for Cancer Patients<\/h3>\t\t\t\t<\/div>\n\t\t\t\t<\/div>\n\t\t\t\t<\/a>\n\t\t\t\t\t<\/div>\n\t\t\t\t<\/div>\n\t\t\t\t<\/div>","protected":false},"excerpt":{"rendered":"<p>Evidenzbasierte Medizin &amp; KI Die evidenzbasierte Medizin durch KI unterst\u00fctzen Die evidenzbasierte Medizin befasst sich damit, dass Entscheidungen im Gesundheitswesen auf der Grundlage der besten verf\u00fcgbaren Forschungsergebnisse, der klinischen Erfahrung und der Patientenpr\u00e4ferenzen getroffen werden. K\u00fcnstliche Intelligenz kann die evidenzbasierte Medizin auf verschiedene Weise unterst\u00fctzen. So kann KI beispielsweise den Zugang zu Forschungsergebnissen vereinfachen, indem [&hellip;]<\/p>","protected":false},"author":1,"featured_media":0,"parent":0,"menu_order":0,"comment_status":"closed","ping_status":"closed","template":"","meta":{"_acf_changed":false,"_monsterinsights_skip_tracking":false,"_monsterinsights_sitenote_active":false,"_monsterinsights_sitenote_note":"","_monsterinsights_sitenote_category":0,"footnotes":""},"class_list":["post-2339","page","type-page","status-publish","hentry"],"acf":[],"yoast_head":"<!-- This site is optimized with the Yoast SEO plugin v25.7 - https:\/\/yoast.com\/wordpress\/plugins\/seo\/ -->\n<title>K\u00fcnstliche Intelligenz in der evidenzbasierten Medizin | Uni Z\u00fcrich<\/title>\n<meta name=\"description\" content=\"Entdecken Sie, wie KI die evidenzbasierte Medizin mit Forschung und personalisierter Entscheidungsfindung unterst\u00fctzt \u2013 pr\u00e4zise und verantwortungsvoll.\" \/>\n<meta name=\"robots\" content=\"index, follow, max-snippet:-1, max-image-preview:large, max-video-preview:-1\" \/>\n<link rel=\"canonical\" href=\"https:\/\/digital-health-space.ch\/en\/ai-and-evidence-based-medicine\" \/>\n<meta property=\"og:locale\" content=\"en_GB\" \/>\n<meta property=\"og:type\" content=\"article\" \/>\n<meta property=\"og:title\" content=\"K\u00fcnstliche Intelligenz in der evidenzbasierten Medizin | Uni Z\u00fcrich\" \/>\n<meta property=\"og:description\" content=\"Entdecken Sie, wie KI die evidenzbasierte Medizin mit Forschung und personalisierter Entscheidungsfindung unterst\u00fctzt \u2013 pr\u00e4zise und verantwortungsvoll.\" \/>\n<meta property=\"og:url\" content=\"https:\/\/digital-health-space.ch\/en\/ai-and-evidence-based-medicine\" \/>\n<meta property=\"og:site_name\" content=\"Digital Health Space\" \/>\n<meta property=\"article:modified_time\" content=\"2025-07-24T08:49:20+00:00\" \/>\n<meta property=\"og:image\" content=\"https:\/\/digital-health-space.ch\/wp-content\/uploads\/2025\/01\/AI-and-Evidence-based-Medicine.png\" \/>\n\t<meta property=\"og:image:width\" content=\"628\" \/>\n\t<meta property=\"og:image:height\" content=\"613\" \/>\n\t<meta property=\"og:image:type\" content=\"image\/png\" \/>\n<meta name=\"twitter:card\" content=\"summary_large_image\" \/>\n<meta name=\"twitter:label1\" content=\"Estimated reading time\" \/>\n\t<meta name=\"twitter:data1\" content=\"2 minutes\" \/>\n<script type=\"application\/ld+json\" class=\"yoast-schema-graph\">{\"@context\":\"https:\/\/schema.org\",\"@graph\":[{\"@type\":\"WebPage\",\"@id\":\"https:\/\/digital-health-space.ch\/ai-and-evidence-based-medicine\",\"url\":\"https:\/\/digital-health-space.ch\/ai-and-evidence-based-medicine\",\"name\":\"K\u00fcnstliche Intelligenz in der evidenzbasierten Medizin | Uni Z\u00fcrich\",\"isPartOf\":{\"@id\":\"https:\/\/digital-health-space.ch\/#website\"},\"primaryImageOfPage\":{\"@id\":\"https:\/\/digital-health-space.ch\/ai-and-evidence-based-medicine#primaryimage\"},\"image\":{\"@id\":\"https:\/\/digital-health-space.ch\/ai-and-evidence-based-medicine#primaryimage\"},\"thumbnailUrl\":\"https:\/\/digital-health-space.ch\/wp-content\/uploads\/2025\/01\/AI-and-Evidence-based-Medicine.png\",\"datePublished\":\"2025-01-20T14:41:20+00:00\",\"dateModified\":\"2025-07-24T08:49:20+00:00\",\"description\":\"Entdecken Sie, wie KI die evidenzbasierte Medizin mit Forschung und personalisierter Entscheidungsfindung unterst\u00fctzt \u2013 pr\u00e4zise und verantwortungsvoll.\",\"breadcrumb\":{\"@id\":\"https:\/\/digital-health-space.ch\/ai-and-evidence-based-medicine#breadcrumb\"},\"inLanguage\":\"en-GB\",\"potentialAction\":[{\"@type\":\"ReadAction\",\"target\":[\"https:\/\/digital-health-space.ch\/ai-and-evidence-based-medicine\"]}]},{\"@type\":\"ImageObject\",\"inLanguage\":\"en-GB\",\"@id\":\"https:\/\/digital-health-space.ch\/ai-and-evidence-based-medicine#primaryimage\",\"url\":\"https:\/\/digital-health-space.ch\/wp-content\/uploads\/2025\/01\/AI-and-Evidence-based-Medicine.png\",\"contentUrl\":\"https:\/\/digital-health-space.ch\/wp-content\/uploads\/2025\/01\/AI-and-Evidence-based-Medicine.png\"},{\"@type\":\"BreadcrumbList\",\"@id\":\"https:\/\/digital-health-space.ch\/ai-and-evidence-based-medicine#breadcrumb\",\"itemListElement\":[{\"@type\":\"ListItem\",\"position\":1,\"name\":\"Startseite\",\"item\":\"https:\/\/digital-health-space.ch\/\"},{\"@type\":\"ListItem\",\"position\":2,\"name\":\"Evidenzbasierte Medizin &#038; KI\"}]},{\"@type\":\"WebSite\",\"@id\":\"https:\/\/digital-health-space.ch\/#website\",\"url\":\"https:\/\/digital-health-space.ch\/\",\"name\":\"Digital Health Space\",\"description\":\"Lehrstuhl f\u00fcr Komplement\u00e4r- und Integrative Medizin der Universit\u00e4t Z\u00fcrich\",\"publisher\":{\"@id\":\"https:\/\/digital-health-space.ch\/#organization\"},\"potentialAction\":[{\"@type\":\"SearchAction\",\"target\":{\"@type\":\"EntryPoint\",\"urlTemplate\":\"https:\/\/digital-health-space.ch\/?s={search_term_string}\"},\"query-input\":{\"@type\":\"PropertyValueSpecification\",\"valueRequired\":true,\"valueName\":\"search_term_string\"}}],\"inLanguage\":\"en-GB\"},{\"@type\":\"Organization\",\"@id\":\"https:\/\/digital-health-space.ch\/#organization\",\"name\":\"Digital Health Space\",\"url\":\"https:\/\/digital-health-space.ch\/\",\"logo\":{\"@type\":\"ImageObject\",\"inLanguage\":\"en-GB\",\"@id\":\"https:\/\/digital-health-space.ch\/#\/schema\/logo\/image\/\",\"url\":\"https:\/\/digital-health-space.ch\/wp-content\/uploads\/2024\/10\/cropped-Logo-Medium-scaled-1.webp\",\"contentUrl\":\"https:\/\/digital-health-space.ch\/wp-content\/uploads\/2024\/10\/cropped-Logo-Medium-scaled-1.webp\",\"width\":2560,\"height\":236,\"caption\":\"Digital Health Space\"},\"image\":{\"@id\":\"https:\/\/digital-health-space.ch\/#\/schema\/logo\/image\/\"}}]}<\/script>\n<!-- \/ Yoast SEO plugin. -->","yoast_head_json":{"title":"K\u00fcnstliche Intelligenz in der evidenzbasierten Medizin | Uni Z\u00fcrich","description":"Entdecken Sie, wie KI die evidenzbasierte Medizin mit Forschung und personalisierter Entscheidungsfindung unterst\u00fctzt \u2013 pr\u00e4zise und verantwortungsvoll.","robots":{"index":"index","follow":"follow","max-snippet":"max-snippet:-1","max-image-preview":"max-image-preview:large","max-video-preview":"max-video-preview:-1"},"canonical":"https:\/\/digital-health-space.ch\/en\/ai-and-evidence-based-medicine","og_locale":"en_GB","og_type":"article","og_title":"K\u00fcnstliche Intelligenz in der evidenzbasierten Medizin | Uni Z\u00fcrich","og_description":"Entdecken Sie, wie KI die evidenzbasierte Medizin mit Forschung und personalisierter Entscheidungsfindung unterst\u00fctzt \u2013 pr\u00e4zise und verantwortungsvoll.","og_url":"https:\/\/digital-health-space.ch\/en\/ai-and-evidence-based-medicine","og_site_name":"Digital Health Space","article_modified_time":"2025-07-24T08:49:20+00:00","og_image":[{"width":628,"height":613,"url":"https:\/\/digital-health-space.ch\/wp-content\/uploads\/2025\/01\/AI-and-Evidence-based-Medicine.png","type":"image\/png"}],"twitter_card":"summary_large_image","twitter_misc":{"Estimated reading time":"2 minutes"},"schema":{"@context":"https:\/\/schema.org","@graph":[{"@type":"WebPage","@id":"https:\/\/digital-health-space.ch\/ai-and-evidence-based-medicine","url":"https:\/\/digital-health-space.ch\/ai-and-evidence-based-medicine","name":"K\u00fcnstliche Intelligenz in der evidenzbasierten Medizin | Uni Z\u00fcrich","isPartOf":{"@id":"https:\/\/digital-health-space.ch\/#website"},"primaryImageOfPage":{"@id":"https:\/\/digital-health-space.ch\/ai-and-evidence-based-medicine#primaryimage"},"image":{"@id":"https:\/\/digital-health-space.ch\/ai-and-evidence-based-medicine#primaryimage"},"thumbnailUrl":"https:\/\/digital-health-space.ch\/wp-content\/uploads\/2025\/01\/AI-and-Evidence-based-Medicine.png","datePublished":"2025-01-20T14:41:20+00:00","dateModified":"2025-07-24T08:49:20+00:00","description":"Entdecken Sie, wie KI die evidenzbasierte Medizin mit Forschung und personalisierter Entscheidungsfindung unterst\u00fctzt \u2013 pr\u00e4zise und verantwortungsvoll.","breadcrumb":{"@id":"https:\/\/digital-health-space.ch\/ai-and-evidence-based-medicine#breadcrumb"},"inLanguage":"en-GB","potentialAction":[{"@type":"ReadAction","target":["https:\/\/digital-health-space.ch\/ai-and-evidence-based-medicine"]}]},{"@type":"ImageObject","inLanguage":"en-GB","@id":"https:\/\/digital-health-space.ch\/ai-and-evidence-based-medicine#primaryimage","url":"https:\/\/digital-health-space.ch\/wp-content\/uploads\/2025\/01\/AI-and-Evidence-based-Medicine.png","contentUrl":"https:\/\/digital-health-space.ch\/wp-content\/uploads\/2025\/01\/AI-and-Evidence-based-Medicine.png"},{"@type":"BreadcrumbList","@id":"https:\/\/digital-health-space.ch\/ai-and-evidence-based-medicine#breadcrumb","itemListElement":[{"@type":"ListItem","position":1,"name":"Startseite","item":"https:\/\/digital-health-space.ch\/"},{"@type":"ListItem","position":2,"name":"Evidenzbasierte Medizin &#038; KI"}]},{"@type":"WebSite","@id":"https:\/\/digital-health-space.ch\/#website","url":"https:\/\/digital-health-space.ch\/","name":"Digital Health Space","description":"Chair of Complementary and Integrative Medicine at the University of Zurich","publisher":{"@id":"https:\/\/digital-health-space.ch\/#organization"},"potentialAction":[{"@type":"SearchAction","target":{"@type":"EntryPoint","urlTemplate":"https:\/\/digital-health-space.ch\/?s={search_term_string}"},"query-input":{"@type":"PropertyValueSpecification","valueRequired":true,"valueName":"search_term_string"}}],"inLanguage":"en-GB"},{"@type":"Organization","@id":"https:\/\/digital-health-space.ch\/#organization","name":"Digital Health Space","url":"https:\/\/digital-health-space.ch\/","logo":{"@type":"ImageObject","inLanguage":"en-GB","@id":"https:\/\/digital-health-space.ch\/#\/schema\/logo\/image\/","url":"https:\/\/digital-health-space.ch\/wp-content\/uploads\/2024\/10\/cropped-Logo-Medium-scaled-1.webp","contentUrl":"https:\/\/digital-health-space.ch\/wp-content\/uploads\/2024\/10\/cropped-Logo-Medium-scaled-1.webp","width":2560,"height":236,"caption":"Digital Health Space"},"image":{"@id":"https:\/\/digital-health-space.ch\/#\/schema\/logo\/image\/"}}]}},"_links":{"self":[{"href":"https:\/\/digital-health-space.ch\/en\/wp-json\/wp\/v2\/pages\/2339","targetHints":{"allow":["GET"]}}],"collection":[{"href":"https:\/\/digital-health-space.ch\/en\/wp-json\/wp\/v2\/pages"}],"about":[{"href":"https:\/\/digital-health-space.ch\/en\/wp-json\/wp\/v2\/types\/page"}],"author":[{"embeddable":true,"href":"https:\/\/digital-health-space.ch\/en\/wp-json\/wp\/v2\/users\/1"}],"replies":[{"embeddable":true,"href":"https:\/\/digital-health-space.ch\/en\/wp-json\/wp\/v2\/comments?post=2339"}],"version-history":[{"count":0,"href":"https:\/\/digital-health-space.ch\/en\/wp-json\/wp\/v2\/pages\/2339\/revisions"}],"wp:attachment":[{"href":"https:\/\/digital-health-space.ch\/en\/wp-json\/wp\/v2\/media?parent=2339"}],"curies":[{"name":"wp","href":"https:\/\/api.w.org\/{rel}","templated":true}]}}