{"id":2372,"date":"2025-01-20T16:42:59","date_gmt":"2025-01-20T16:42:59","guid":{"rendered":"https:\/\/digital-health-space.ch\/?page_id=2372"},"modified":"2025-01-23T09:57:29","modified_gmt":"2025-01-23T09:57:29","slug":"gap-map-german","status":"publish","type":"page","link":"https:\/\/digital-health-space.ch\/en\/gap-map-german","title":{"rendered":"Gap Map &#8211; German"},"content":{"rendered":"<div data-elementor-type=\"wp-page\" data-elementor-id=\"2372\" class=\"elementor elementor-2372\" data-elementor-post-type=\"page\">\n\t\t\t\t<div class=\"elementor-element elementor-element-8a14d5b e-con-full e-flex e-con e-parent\" data-id=\"8a14d5b\" data-element_type=\"container\">\n\t\t<div class=\"elementor-element elementor-element-b6057cc e-con-full e-flex e-con e-child\" data-id=\"b6057cc\" data-element_type=\"container\">\n\t\t<div class=\"elementor-element elementor-element-113521f e-con-full e-flex e-con e-child\" data-id=\"113521f\" data-element_type=\"container\">\n\t\t\t\t<div class=\"elementor-element elementor-element-6c49b19 elementor-widget__width-inherit elementor-widget elementor-widget-html\" data-id=\"6c49b19\" data-element_type=\"widget\" data-widget_type=\"html.default\">\n\t\t\t\t<div class=\"elementor-widget-container\">\n\t\t\t\t\t<iframe \n  src=\"https:\/\/digital-health-space.ch\/wp-content\/uploads\/2025\/01\/PEMS_EGM_German_83_20250122.html\"\n  style=\"width: 100%; height: 1900px; border: none; display: block;\"\n  frameborder=\"0\"\n  allowfullscreen>\n<\/iframe>\t\t\t\t<\/div>\n\t\t\t\t<\/div>\n\t\t\t\t<\/div>\n\t\t\t\t<\/div>\n\t\t\t\t<\/div>\n\t\t\t\t<\/div>","protected":false},"excerpt":{"rendered":"","protected":false},"author":1,"featured_media":0,"parent":0,"menu_order":0,"comment_status":"closed","ping_status":"closed","template":"","meta":{"_acf_changed":false,"_monsterinsights_skip_tracking":false,"_monsterinsights_sitenote_active":false,"_monsterinsights_sitenote_note":"","_monsterinsights_sitenote_category":0,"footnotes":""},"class_list":["post-2372","page","type-page","status-publish","hentry"],"acf":[],"yoast_head":"<!-- This site is optimized with the Yoast SEO plugin v25.7 - https:\/\/yoast.com\/wordpress\/plugins\/seo\/ -->\n<title>Mind Body Medicine \u2013 Ganzheitliche Gesundheit f\u00f6rdern | Uni Z\u00fcrich<\/title>\n<meta name=\"description\" content=\"Entdecken Sie Mind Body Medicine der Universit\u00e4t Z\u00fcrich \u2013 Ans\u00e4tze zur F\u00f6rderung von Gesundheit und Wohlbefinden durch Geist-K\u00f6rper-Verbindung.\" \/>\n<meta name=\"robots\" content=\"index, follow, max-snippet:-1, max-image-preview:large, max-video-preview:-1\" \/>\n<link rel=\"canonical\" href=\"https:\/\/digital-health-space.ch\/en\/gap-map-german\" \/>\n<meta property=\"og:locale\" content=\"en_GB\" \/>\n<meta property=\"og:type\" content=\"article\" \/>\n<meta property=\"og:title\" content=\"Mind Body Medicine \u2013 Ganzheitliche Gesundheit f\u00f6rdern | Uni Z\u00fcrich\" \/>\n<meta property=\"og:description\" content=\"Entdecken Sie Mind Body Medicine der Universit\u00e4t Z\u00fcrich \u2013 Ans\u00e4tze zur F\u00f6rderung von Gesundheit und Wohlbefinden durch Geist-K\u00f6rper-Verbindung.\" \/>\n<meta property=\"og:url\" content=\"https:\/\/digital-health-space.ch\/en\/gap-map-german\" \/>\n<meta property=\"og:site_name\" content=\"Digital Health Space\" \/>\n<meta property=\"article:modified_time\" content=\"2025-01-23T09:57:29+00:00\" \/>\n<meta name=\"twitter:card\" content=\"summary_large_image\" \/>\n<script type=\"application\/ld+json\" class=\"yoast-schema-graph\">{\"@context\":\"https:\/\/schema.org\",\"@graph\":[{\"@type\":\"WebPage\",\"@id\":\"https:\/\/digital-health-space.ch\/gap-map-german\",\"url\":\"https:\/\/digital-health-space.ch\/gap-map-german\",\"name\":\"Mind Body Medicine \u2013 Ganzheitliche Gesundheit f\u00f6rdern | Uni Z\u00fcrich\",\"isPartOf\":{\"@id\":\"https:\/\/digital-health-space.ch\/#website\"},\"datePublished\":\"2025-01-20T16:42:59+00:00\",\"dateModified\":\"2025-01-23T09:57:29+00:00\",\"description\":\"Entdecken Sie Mind Body Medicine der Universit\u00e4t Z\u00fcrich \u2013 Ans\u00e4tze zur F\u00f6rderung von Gesundheit und Wohlbefinden durch Geist-K\u00f6rper-Verbindung.\",\"breadcrumb\":{\"@id\":\"https:\/\/digital-health-space.ch\/gap-map-german#breadcrumb\"},\"inLanguage\":\"en-GB\",\"potentialAction\":[{\"@type\":\"ReadAction\",\"target\":[\"https:\/\/digital-health-space.ch\/gap-map-german\"]}]},{\"@type\":\"BreadcrumbList\",\"@id\":\"https:\/\/digital-health-space.ch\/gap-map-german#breadcrumb\",\"itemListElement\":[{\"@type\":\"ListItem\",\"position\":1,\"name\":\"Startseite\",\"item\":\"https:\/\/digital-health-space.ch\/\"},{\"@type\":\"ListItem\",\"position\":2,\"name\":\"Gap Map &#8211; German\"}]},{\"@type\":\"WebSite\",\"@id\":\"https:\/\/digital-health-space.ch\/#website\",\"url\":\"https:\/\/digital-health-space.ch\/\",\"name\":\"Digital Health Space\",\"description\":\"Lehrstuhl f\u00fcr Komplement\u00e4r- und Integrative Medizin der Universit\u00e4t Z\u00fcrich\",\"publisher\":{\"@id\":\"https:\/\/digital-health-space.ch\/#organization\"},\"potentialAction\":[{\"@type\":\"SearchAction\",\"target\":{\"@type\":\"EntryPoint\",\"urlTemplate\":\"https:\/\/digital-health-space.ch\/?s={search_term_string}\"},\"query-input\":{\"@type\":\"PropertyValueSpecification\",\"valueRequired\":true,\"valueName\":\"search_term_string\"}}],\"inLanguage\":\"en-GB\"},{\"@type\":\"Organization\",\"@id\":\"https:\/\/digital-health-space.ch\/#organization\",\"name\":\"Digital Health Space\",\"url\":\"https:\/\/digital-health-space.ch\/\",\"logo\":{\"@type\":\"ImageObject\",\"inLanguage\":\"en-GB\",\"@id\":\"https:\/\/digital-health-space.ch\/#\/schema\/logo\/image\/\",\"url\":\"https:\/\/digital-health-space.ch\/wp-content\/uploads\/2024\/10\/cropped-Logo-Medium-scaled-1.webp\",\"contentUrl\":\"https:\/\/digital-health-space.ch\/wp-content\/uploads\/2024\/10\/cropped-Logo-Medium-scaled-1.webp\",\"width\":2560,\"height\":236,\"caption\":\"Digital Health Space\"},\"image\":{\"@id\":\"https:\/\/digital-health-space.ch\/#\/schema\/logo\/image\/\"}}]}<\/script>\n<!-- \/ Yoast SEO plugin. -->","yoast_head_json":{"title":"Mind Body Medicine \u2013 Ganzheitliche Gesundheit f\u00f6rdern | Uni Z\u00fcrich","description":"Entdecken Sie Mind Body Medicine der Universit\u00e4t Z\u00fcrich \u2013 Ans\u00e4tze zur F\u00f6rderung von Gesundheit und Wohlbefinden durch Geist-K\u00f6rper-Verbindung.","robots":{"index":"index","follow":"follow","max-snippet":"max-snippet:-1","max-image-preview":"max-image-preview:large","max-video-preview":"max-video-preview:-1"},"canonical":"https:\/\/digital-health-space.ch\/en\/gap-map-german","og_locale":"en_GB","og_type":"article","og_title":"Mind Body Medicine \u2013 Ganzheitliche Gesundheit f\u00f6rdern | Uni Z\u00fcrich","og_description":"Entdecken Sie Mind Body Medicine der Universit\u00e4t Z\u00fcrich \u2013 Ans\u00e4tze zur F\u00f6rderung von Gesundheit und Wohlbefinden durch Geist-K\u00f6rper-Verbindung.","og_url":"https:\/\/digital-health-space.ch\/en\/gap-map-german","og_site_name":"Digital Health Space","article_modified_time":"2025-01-23T09:57:29+00:00","twitter_card":"summary_large_image","schema":{"@context":"https:\/\/schema.org","@graph":[{"@type":"WebPage","@id":"https:\/\/digital-health-space.ch\/gap-map-german","url":"https:\/\/digital-health-space.ch\/gap-map-german","name":"Mind Body Medicine \u2013 Ganzheitliche Gesundheit f\u00f6rdern | Uni Z\u00fcrich","isPartOf":{"@id":"https:\/\/digital-health-space.ch\/#website"},"datePublished":"2025-01-20T16:42:59+00:00","dateModified":"2025-01-23T09:57:29+00:00","description":"Entdecken Sie Mind Body Medicine der Universit\u00e4t Z\u00fcrich \u2013 Ans\u00e4tze zur F\u00f6rderung von Gesundheit und Wohlbefinden durch Geist-K\u00f6rper-Verbindung.","breadcrumb":{"@id":"https:\/\/digital-health-space.ch\/gap-map-german#breadcrumb"},"inLanguage":"en-GB","potentialAction":[{"@type":"ReadAction","target":["https:\/\/digital-health-space.ch\/gap-map-german"]}]},{"@type":"BreadcrumbList","@id":"https:\/\/digital-health-space.ch\/gap-map-german#breadcrumb","itemListElement":[{"@type":"ListItem","position":1,"name":"Startseite","item":"https:\/\/digital-health-space.ch\/"},{"@type":"ListItem","position":2,"name":"Gap Map &#8211; German"}]},{"@type":"WebSite","@id":"https:\/\/digital-health-space.ch\/#website","url":"https:\/\/digital-health-space.ch\/","name":"Digital Health Space","description":"Chair of Complementary and Integrative Medicine at the University of Zurich","publisher":{"@id":"https:\/\/digital-health-space.ch\/#organization"},"potentialAction":[{"@type":"SearchAction","target":{"@type":"EntryPoint","urlTemplate":"https:\/\/digital-health-space.ch\/?s={search_term_string}"},"query-input":{"@type":"PropertyValueSpecification","valueRequired":true,"valueName":"search_term_string"}}],"inLanguage":"en-GB"},{"@type":"Organization","@id":"https:\/\/digital-health-space.ch\/#organization","name":"Digital Health Space","url":"https:\/\/digital-health-space.ch\/","logo":{"@type":"ImageObject","inLanguage":"en-GB","@id":"https:\/\/digital-health-space.ch\/#\/schema\/logo\/image\/","url":"https:\/\/digital-health-space.ch\/wp-content\/uploads\/2024\/10\/cropped-Logo-Medium-scaled-1.webp","contentUrl":"https:\/\/digital-health-space.ch\/wp-content\/uploads\/2024\/10\/cropped-Logo-Medium-scaled-1.webp","width":2560,"height":236,"caption":"Digital Health Space"},"image":{"@id":"https:\/\/digital-health-space.ch\/#\/schema\/logo\/image\/"}}]}},"_links":{"self":[{"href":"https:\/\/digital-health-space.ch\/en\/wp-json\/wp\/v2\/pages\/2372","targetHints":{"allow":["GET"]}}],"collection":[{"href":"https:\/\/digital-health-space.ch\/en\/wp-json\/wp\/v2\/pages"}],"about":[{"href":"https:\/\/digital-health-space.ch\/en\/wp-json\/wp\/v2\/types\/page"}],"author":[{"embeddable":true,"href":"https:\/\/digital-health-space.ch\/en\/wp-json\/wp\/v2\/users\/1"}],"replies":[{"embeddable":true,"href":"https:\/\/digital-health-space.ch\/en\/wp-json\/wp\/v2\/comments?post=2372"}],"version-history":[{"count":0,"href":"https:\/\/digital-health-space.ch\/en\/wp-json\/wp\/v2\/pages\/2372\/revisions"}],"wp:attachment":[{"href":"https:\/\/digital-health-space.ch\/en\/wp-json\/wp\/v2\/media?parent=2372"}],"curies":[{"name":"wp","href":"https:\/\/api.w.org\/{rel}","templated":true}]}}