{"id":3384,"date":"2025-07-07T13:45:23","date_gmt":"2025-07-07T13:45:23","guid":{"rendered":"https:\/\/digital-health-space.ch\/?page_id=3384"},"modified":"2025-07-24T08:55:13","modified_gmt":"2025-07-24T08:55:13","slug":"integrative-gesundheit","status":"publish","type":"page","link":"https:\/\/digital-health-space.ch\/en\/integrative-gesundheit","title":{"rendered":"Integrative Health"},"content":{"rendered":"<div data-elementor-type=\"wp-page\" data-elementor-id=\"3384\" class=\"elementor elementor-3384\" data-elementor-post-type=\"page\">\n\t\t\t\t<div class=\"elementor-element elementor-element-1c87ed5 e-flex e-con-boxed e-con e-parent\" data-id=\"1c87ed5\" data-element_type=\"container\">\n\t\t\t\t\t<div class=\"e-con-inner\">\n\t\t<div class=\"elementor-element elementor-element-6f754a6 e-con-full e-transform e-flex e-con e-child\" data-id=\"6f754a6\" data-element_type=\"container\" data-settings=\"{&quot;background_background&quot;:&quot;classic&quot;,&quot;_transform_scale_effect_hover&quot;:{&quot;unit&quot;:&quot;px&quot;,&quot;size&quot;:0.97,&quot;sizes&quot;:[]},&quot;_transform_scale_effect_hover_tablet&quot;:{&quot;unit&quot;:&quot;px&quot;,&quot;size&quot;:&quot;&quot;,&quot;sizes&quot;:[]},&quot;_transform_scale_effect_hover_mobile&quot;:{&quot;unit&quot;:&quot;px&quot;,&quot;size&quot;:&quot;&quot;,&quot;sizes&quot;:[]}}\">\n\t\t\t\t<div class=\"elementor-element elementor-element-f8a9551 elementor-invisible elementor-widget elementor-widget-image\" data-id=\"f8a9551\" data-element_type=\"widget\" data-settings=\"{&quot;_animation&quot;:&quot;fadeInUp&quot;,&quot;_animation_delay&quot;:200}\" data-widget_type=\"image.default\">\n\t\t\t\t<div class=\"elementor-widget-container\">\n\t\t\t\t\t\t\t\t\t\t\t\t\t\t\t<img decoding=\"async\" width=\"1\" height=\"1\" src=\"https:\/\/digital-health-space.ch\/wp-content\/uploads\/2025\/07\/Untitled-design-53-1.png\" class=\"attachment-large size-large wp-image-3513\" alt=\"\" \/>\t\t\t\t\t\t\t\t\t\t\t\t\t\t\t<\/div>\n\t\t\t\t<\/div>\n\t\t\t\t<\/div>\n\t\t<div class=\"elementor-element elementor-element-3ff0135 e-con-full e-flex elementor-invisible e-con e-child\" data-id=\"3ff0135\" data-element_type=\"container\" data-settings=\"{&quot;background_background&quot;:&quot;classic&quot;,&quot;animation&quot;:&quot;fadeInDown&quot;}\">\n\t\t\t\t<div class=\"elementor-element elementor-element-ab1912d elementor-widget elementor-widget-heading\" data-id=\"ab1912d\" data-element_type=\"widget\" data-widget_type=\"heading.default\">\n\t\t\t\t<div class=\"elementor-widget-container\">\n\t\t\t\t\t<h1 class=\"elementor-heading-title elementor-size-default\">Integrative Health<\/h1>\t\t\t\t<\/div>\n\t\t\t\t<\/div>\n\t\t\t\t<div class=\"elementor-element elementor-element-4428f78 elementor-widget__width-initial elementor-widget-mobile__width-inherit elementor-invisible elementor-widget elementor-widget-heading\" data-id=\"4428f78\" data-element_type=\"widget\" data-settings=\"{&quot;_animation&quot;:&quot;fadeInUp&quot;}\" data-widget_type=\"heading.default\">\n\t\t\t\t<div class=\"elementor-widget-container\">\n\t\t\t\t\t<h2 class=\"elementor-heading-title elementor-size-default\">An integrative perspective is essential for healthcare<\/h2>\t\t\t\t<\/div>\n\t\t\t\t<\/div>\n\t\t\t\t<\/div>\n\t\t\t\t\t<\/div>\n\t\t\t\t<\/div>\n\t\t<div class=\"elementor-element elementor-element-8a14d5b e-flex e-con-boxed e-con e-parent\" data-id=\"8a14d5b\" data-element_type=\"container\">\n\t\t\t\t\t<div class=\"e-con-inner\">\n\t\t\t\t<div class=\"elementor-element elementor-element-34dd0b5 elementor-widget-divider--view-line_text elementor-widget-divider--element-align-center elementor-invisible elementor-widget elementor-widget-divider\" data-id=\"34dd0b5\" data-element_type=\"widget\" data-settings=\"{&quot;_animation&quot;:&quot;fadeInUp&quot;}\" data-widget_type=\"divider.default\">\n\t\t\t\t<div class=\"elementor-widget-container\">\n\t\t\t\t\t\t\t<div class=\"elementor-divider\">\n\t\t\t<span class=\"elementor-divider-separator\">\n\t\t\t\t\t\t\t<span class=\"elementor-divider__text elementor-divider__element\">\n\t\t\t\tWhy Integrative?\t\t\t\t<\/span>\n\t\t\t\t\t\t<\/span>\n\t\t<\/div>\n\t\t\t\t\t\t<\/div>\n\t\t\t\t<\/div>\n\t\t\t\t<div class=\"elementor-element elementor-element-7fd9287 elementor-widget elementor-widget-text-editor\" data-id=\"7fd9287\" data-element_type=\"widget\" data-widget_type=\"text-editor.default\">\n\t\t\t\t<div class=\"elementor-widget-container\">\n\t\t\t\t\t\t\t\t\t<p>Health care today faces complex challenges that can\u2019t be addressed by isolated approaches. An integrative perspective brings together diverse fields and methods to better reflect the complexity of human health. By connecting traditional therapies and modern medicine, as well as mind and body, we gain a more complete understanding of what supports well-being. This allows for more effective and personalized care.<\/p>\t\t\t\t\t\t\t\t<\/div>\n\t\t\t\t<\/div>\n\t\t\t\t<div class=\"elementor-element elementor-element-7458dc2 elementor-widget-divider--view-line_text elementor-widget-divider--element-align-center elementor-widget elementor-widget-divider\" data-id=\"7458dc2\" data-element_type=\"widget\" data-widget_type=\"divider.default\">\n\t\t\t\t<div class=\"elementor-widget-container\">\n\t\t\t\t\t\t\t<div class=\"elementor-divider\">\n\t\t\t<span class=\"elementor-divider-separator\">\n\t\t\t\t\t\t\t<span class=\"elementor-divider__text elementor-divider__element\">\n\t\t\t\tWhat is Integrative Health?\t\t\t\t<\/span>\n\t\t\t\t\t\t<\/span>\n\t\t<\/div>\n\t\t\t\t\t\t<\/div>\n\t\t\t\t<\/div>\n\t\t\t\t<div class=\"elementor-element elementor-element-b59ba22 elementor-widget elementor-widget-text-editor\" data-id=\"b59ba22\" data-element_type=\"widget\" data-widget_type=\"text-editor.default\">\n\t\t\t\t<div class=\"elementor-widget-container\">\n\t\t\t\t\t\t\t\t\t<p style=\"font-weight: 400;\">Integrative health is a state of well-being in body, mind and spirit that reflects aspects of the individual, community, and population.<\/p><p style=\"font-weight: 400;\">It is affected by:<\/p><p style=\"font-weight: 400;\">1. individual biological factors and behaviors, social values, and public policy,<\/p><p style=\"font-weight: 400;\">2. the physical, social, and economic environments, and<\/p><p style=\"font-weight: 400;\">3. an integrative healthcare system that involves the active participation of the individual and the healthcare team in applying a broad spectrum of preventive and therapeutic approaches.<\/p><p style=\"font-weight: 400;\">Integrative health encourages individuals, social groups, and communities to develop ways of living that promote meaning, resilience and wellbeing across the life course.<\/p>\t\t\t\t\t\t\t\t<\/div>\n\t\t\t\t<\/div>\n\t\t\t\t<div class=\"elementor-element elementor-element-89915f5 elementor-widget elementor-widget-text-editor\" data-id=\"89915f5\" data-element_type=\"widget\" data-widget_type=\"text-editor.default\">\n\t\t\t\t<div class=\"elementor-widget-container\">\n\t\t\t\t\t\t\t\t\t<p><span lang=\"DE\">Definition from:<br \/>Witt, C.M., Chiaramonte, D., Berman, S., Chesney, M.A., Kaplan, G.A., Stange, K.C., Woolf, S.H. &amp; Berman, B.M. (2017). <\/span>Defining health in a comprehensive context: A new definition of integrative health.\u00a0<i><span lang=\"DE-CH\">American Journal of Preventive Medicine, <\/span><\/i><span lang=\"DE-CH\">53(1), 134-137. <\/span><a href=\"https:\/\/www.sciencedirect.com\/science\/article\/abs\/pii\/S0749379716306675?via%3Dihub\" target=\"_blank\" rel=\"noopener\">Read here<\/a>\u00a0<\/p>\t\t\t\t\t\t\t\t<\/div>\n\t\t\t\t<\/div>\n\t\t\t\t\t<\/div>\n\t\t\t\t<\/div>\n\t\t<div class=\"elementor-element elementor-element-0564aa1 e-flex e-con-boxed e-con e-parent\" data-id=\"0564aa1\" data-element_type=\"container\">\n\t\t\t\t\t<div class=\"e-con-inner\">\n\t\t\t\t<div class=\"elementor-element elementor-element-98c76d9 elementor-widget-divider--view-line_text elementor-widget-divider--element-align-center elementor-invisible elementor-widget elementor-widget-divider\" data-id=\"98c76d9\" data-element_type=\"widget\" data-settings=\"{&quot;_animation&quot;:&quot;fadeInUp&quot;}\" data-widget_type=\"divider.default\">\n\t\t\t\t<div class=\"elementor-widget-container\">\n\t\t\t\t\t\t\t<div class=\"elementor-divider\">\n\t\t\t<span class=\"elementor-divider-separator\">\n\t\t\t\t\t\t\t<span class=\"elementor-divider__text elementor-divider__element\">\n\t\t\t\tWhat is Integrative Oncology?\t\t\t\t<\/span>\n\t\t\t\t\t\t<\/span>\n\t\t<\/div>\n\t\t\t\t\t\t<\/div>\n\t\t\t\t<\/div>\n\t\t\t\t<div class=\"elementor-element elementor-element-8e62fa1 elementor-invisible elementor-widget elementor-widget-text-editor\" data-id=\"8e62fa1\" data-element_type=\"widget\" data-settings=\"{&quot;_animation&quot;:&quot;fadeInUp&quot;}\" data-widget_type=\"text-editor.default\">\n\t\t\t\t<div class=\"elementor-widget-container\">\n\t\t\t\t\t\t\t\t\t<p style=\"font-weight: 400;\">Integrative oncology is a patient-centered, evidence-informed field of cancer care that uses mind-body practices, natural products and\/or lifestyle changes from various traditions to complement conventional cancer therapies. Integrative oncology seeks to optimize health, quality of life and clinical outcomes throughout the course of treatment, empowering people to prevent cancer and become active participants before, during and beyond cancer treatment.<\/p>\t\t\t\t\t\t\t\t<\/div>\n\t\t\t\t<\/div>\n\t\t\t\t<div class=\"elementor-element elementor-element-cf49f95 elementor-widget elementor-widget-text-editor\" data-id=\"cf49f95\" data-element_type=\"widget\" data-widget_type=\"text-editor.default\">\n\t\t\t\t<div class=\"elementor-widget-container\">\n\t\t\t\t\t\t\t\t\t<p style=\"font-weight: 400;\">Definition from:<br \/>Witt, C.M., Bartsch, H.H., G\u00fcthlin, C., Lampert, C., L\u00e4ngler, A., Ritter, C.A., Rostock, M., Schildmann, J., Weis, J., Wilhelm, M. &amp; Horneber, M. (2017) Kompetenznetz Komplement\u00e4rmedizin in der Onkologie (KOKON). Ein wissenschaftlicher Beitrag zur Verbesserung der Versorgung.\u00a0<em>Forum<\/em>, 23, 416-426. <a href=\"https:\/\/link.springer.com\/article\/10.1007\/s12312-017-0311-1\" target=\"_blank\" rel=\"noopener\">Read here<\/a><\/p><p style=\"font-weight: 400;\">Witt, C. M., Balneaves, L. G., Cardoso, M. J., Cohen, L., Greenlee, H., Johnstone, P., K\u00fcc\u00fck, \u00d6., Mailman, J., &amp; Mao, J. J. (2017). A comprehensive definition for integrative oncology.\u00a0<em>Journal of the National Cancer Institute. Monographs<\/em>, (52), 10. <a href=\"https:\/\/pubmed.ncbi.nlm.nih.gov\/29140493\/\" target=\"_blank\" rel=\"noopener\">Read here<\/a><\/p>\t\t\t\t\t\t\t\t<\/div>\n\t\t\t\t<\/div>\n\t\t\t\t\t<\/div>\n\t\t\t\t<\/div>\n\t\t<div class=\"elementor-element elementor-element-f9e4550 e-flex e-con-boxed e-con e-parent\" data-id=\"f9e4550\" data-element_type=\"container\">\n\t\t\t\t\t<div class=\"e-con-inner\">\n\t\t<div class=\"elementor-element elementor-element-d3022a9 e-con-full e-flex e-con e-child\" data-id=\"d3022a9\" data-element_type=\"container\">\n\t\t<a class=\"elementor-element elementor-element-1031337 e-con-full e-transform e-flex elementor-invisible e-con e-child\" data-id=\"1031337\" data-element_type=\"container\" data-settings=\"{&quot;background_background&quot;:&quot;classic&quot;,&quot;animation&quot;:&quot;fadeInLeft&quot;,&quot;_transform_scale_effect_hover&quot;:{&quot;unit&quot;:&quot;px&quot;,&quot;size&quot;:0.97,&quot;sizes&quot;:[]},&quot;_transform_scale_effect_hover_tablet&quot;:{&quot;unit&quot;:&quot;px&quot;,&quot;size&quot;:&quot;&quot;,&quot;sizes&quot;:[]},&quot;_transform_scale_effect_hover_mobile&quot;:{&quot;unit&quot;:&quot;px&quot;,&quot;size&quot;:&quot;&quot;,&quot;sizes&quot;:[]}}\" href=\"https:\/\/digital-health-space.ch\/en\/publications\/\">\n\t\t\t\t<div class=\"elementor-element elementor-element-a5fa475 elementor-invisible elementor-widget elementor-widget-image\" data-id=\"a5fa475\" data-element_type=\"widget\" data-settings=\"{&quot;_animation&quot;:&quot;fadeInUp&quot;,&quot;_animation_delay&quot;:200}\" data-widget_type=\"image.default\">\n\t\t\t\t<div class=\"elementor-widget-container\">\n\t\t\t\t\t\t\t\t\t\t\t\t\t\t\t<img fetchpriority=\"high\" decoding=\"async\" width=\"800\" height=\"800\" src=\"https:\/\/digital-health-space.ch\/wp-content\/uploads\/2025\/06\/Untitled-design-24-1024x1024.png\" class=\"attachment-large size-large wp-image-3134\" alt=\"\" srcset=\"https:\/\/digital-health-space.ch\/wp-content\/uploads\/2025\/06\/Untitled-design-24-1024x1024.png 1024w, https:\/\/digital-health-space.ch\/wp-content\/uploads\/2025\/06\/Untitled-design-24-768x768.png 768w, https:\/\/digital-health-space.ch\/wp-content\/uploads\/2025\/06\/Untitled-design-24.png 1563w\" sizes=\"(max-width: 800px) 100vw, 800px\" \/>\t\t\t\t\t\t\t\t\t\t\t\t\t\t\t<\/div>\n\t\t\t\t<\/div>\n\t\t\t\t<div class=\"elementor-element elementor-element-5961546 elementor-invisible elementor-widget elementor-widget-heading\" data-id=\"5961546\" data-element_type=\"widget\" data-settings=\"{&quot;_animation&quot;:&quot;fadeIn&quot;}\" data-widget_type=\"heading.default\">\n\t\t\t\t<div class=\"elementor-widget-container\">\n\t\t\t\t\t<h3 class=\"elementor-heading-title elementor-size-default\">Publications<\/h3>\t\t\t\t<\/div>\n\t\t\t\t<\/div>\n\t\t\t\t<\/a>\n\t\t<a class=\"elementor-element elementor-element-afb518d e-con-full e-transform e-flex elementor-invisible e-con e-child\" data-id=\"afb518d\" data-element_type=\"container\" data-settings=\"{&quot;background_background&quot;:&quot;classic&quot;,&quot;animation&quot;:&quot;fadeInRight&quot;,&quot;animation_delay&quot;:500,&quot;_transform_scale_effect_hover&quot;:{&quot;unit&quot;:&quot;px&quot;,&quot;size&quot;:0.97,&quot;sizes&quot;:[]},&quot;_transform_scale_effect_hover_tablet&quot;:{&quot;unit&quot;:&quot;px&quot;,&quot;size&quot;:&quot;&quot;,&quot;sizes&quot;:[]},&quot;_transform_scale_effect_hover_mobile&quot;:{&quot;unit&quot;:&quot;px&quot;,&quot;size&quot;:&quot;&quot;,&quot;sizes&quot;:[]}}\" href=\"https:\/\/digital-health-space.ch\/en\/kokon-kto\/\">\n\t\t\t\t<div class=\"elementor-element elementor-element-033a97e elementor-invisible elementor-widget elementor-widget-heading\" data-id=\"033a97e\" data-element_type=\"widget\" data-settings=\"{&quot;_animation&quot;:&quot;fadeIn&quot;}\" data-widget_type=\"heading.default\">\n\t\t\t\t<div class=\"elementor-widget-container\">\n\t\t\t\t\t<h3 class=\"elementor-heading-title elementor-size-default\">KOKON-KTO<\/h3>\t\t\t\t<\/div>\n\t\t\t\t<\/div>\n\t\t\t\t<\/a>\n\t\t\t\t<\/div>\n\t\t\t\t\t<\/div>\n\t\t\t\t<\/div>\n\t\t\t\t<\/div>","protected":false},"excerpt":{"rendered":"<p>Integrative Gesundheit Eine integrative Perspektive ist unerl\u00e4sslich f\u00fcr die Gesundheitsversorgung Warum integrativ? Die Gesundheitsversorgung steht heute vor komplexen Herausforderungen, die sich nicht mit isolierten Ans\u00e4tzen l\u00f6sen lassen. Eine integrative Perspektive vereint verschiedene Fachrichtungen und Methoden, um der Vielschichtigkeit menschlicher Gesundheit besser gerecht zu werden. Durch die Verbindung traditioneller Therapien mit moderner Medizin sowie von K\u00f6rper [&hellip;]<\/p>","protected":false},"author":2,"featured_media":0,"parent":0,"menu_order":0,"comment_status":"closed","ping_status":"closed","template":"","meta":{"_acf_changed":false,"_monsterinsights_skip_tracking":false,"_monsterinsights_sitenote_active":false,"_monsterinsights_sitenote_note":"","_monsterinsights_sitenote_category":0,"footnotes":""},"class_list":["post-3384","page","type-page","status-publish","hentry"],"acf":[],"yoast_head":"<!-- This site is optimized with the Yoast SEO plugin v25.7 - https:\/\/yoast.com\/wordpress\/plugins\/seo\/ -->\n<title>Digital Health Space \u2013 Ganzheitliche Gesundheit f\u00f6rdern | Uni Z\u00fcrich<\/title>\n<meta name=\"description\" content=\"Entdecken Sie das Digital Health Space der Universit\u00e4t Z\u00fcrich \u2013 Ans\u00e4tze zur F\u00f6rderung von Gesundheit &amp; Wohlbefinden durch Geist-K\u00f6rper-Verbindung.\" \/>\n<meta name=\"robots\" content=\"index, follow, max-snippet:-1, max-image-preview:large, max-video-preview:-1\" \/>\n<link rel=\"canonical\" href=\"https:\/\/digital-health-space.ch\/en\/integrative-gesundheit\" \/>\n<meta property=\"og:locale\" content=\"en_GB\" \/>\n<meta property=\"og:type\" content=\"article\" \/>\n<meta property=\"og:title\" content=\"Digital Health Space \u2013 Ganzheitliche Gesundheit f\u00f6rdern | Uni Z\u00fcrich\" \/>\n<meta property=\"og:description\" content=\"Entdecken Sie das Digital Health Space der Universit\u00e4t Z\u00fcrich \u2013 Ans\u00e4tze zur F\u00f6rderung von Gesundheit &amp; Wohlbefinden durch Geist-K\u00f6rper-Verbindung.\" \/>\n<meta property=\"og:url\" content=\"https:\/\/digital-health-space.ch\/en\/integrative-gesundheit\" \/>\n<meta property=\"og:site_name\" content=\"Digital Health Space\" \/>\n<meta property=\"article:modified_time\" content=\"2025-07-24T08:55:13+00:00\" \/>\n<meta property=\"og:image\" content=\"https:\/\/digital-health-space.ch\/wp-content\/uploads\/2025\/07\/Untitled-design-53-1.png\" \/>\n\t<meta property=\"og:image:width\" content=\"1\" \/>\n\t<meta property=\"og:image:height\" content=\"1\" \/>\n\t<meta property=\"og:image:type\" content=\"image\/png\" \/>\n<meta name=\"twitter:card\" content=\"summary_large_image\" \/>\n<meta name=\"twitter:label1\" content=\"Estimated reading time\" \/>\n\t<meta name=\"twitter:data1\" content=\"2 minutes\" \/>\n<script type=\"application\/ld+json\" class=\"yoast-schema-graph\">{\"@context\":\"https:\/\/schema.org\",\"@graph\":[{\"@type\":\"WebPage\",\"@id\":\"https:\/\/digital-health-space.ch\/integrative-gesundheit\",\"url\":\"https:\/\/digital-health-space.ch\/integrative-gesundheit\",\"name\":\"Digital Health Space \u2013 Ganzheitliche Gesundheit f\u00f6rdern | Uni Z\u00fcrich\",\"isPartOf\":{\"@id\":\"https:\/\/digital-health-space.ch\/#website\"},\"primaryImageOfPage\":{\"@id\":\"https:\/\/digital-health-space.ch\/integrative-gesundheit#primaryimage\"},\"image\":{\"@id\":\"https:\/\/digital-health-space.ch\/integrative-gesundheit#primaryimage\"},\"thumbnailUrl\":\"https:\/\/digital-health-space.ch\/wp-content\/uploads\/2025\/07\/Untitled-design-53-1.png\",\"datePublished\":\"2025-07-07T13:45:23+00:00\",\"dateModified\":\"2025-07-24T08:55:13+00:00\",\"description\":\"Entdecken Sie das Digital Health Space der Universit\u00e4t Z\u00fcrich \u2013 Ans\u00e4tze zur F\u00f6rderung von Gesundheit & Wohlbefinden durch Geist-K\u00f6rper-Verbindung.\",\"breadcrumb\":{\"@id\":\"https:\/\/digital-health-space.ch\/integrative-gesundheit#breadcrumb\"},\"inLanguage\":\"en-GB\",\"potentialAction\":[{\"@type\":\"ReadAction\",\"target\":[\"https:\/\/digital-health-space.ch\/integrative-gesundheit\"]}]},{\"@type\":\"ImageObject\",\"inLanguage\":\"en-GB\",\"@id\":\"https:\/\/digital-health-space.ch\/integrative-gesundheit#primaryimage\",\"url\":\"https:\/\/digital-health-space.ch\/wp-content\/uploads\/2025\/07\/Untitled-design-53-1.png\",\"contentUrl\":\"https:\/\/digital-health-space.ch\/wp-content\/uploads\/2025\/07\/Untitled-design-53-1.png\"},{\"@type\":\"BreadcrumbList\",\"@id\":\"https:\/\/digital-health-space.ch\/integrative-gesundheit#breadcrumb\",\"itemListElement\":[{\"@type\":\"ListItem\",\"position\":1,\"name\":\"Startseite\",\"item\":\"https:\/\/digital-health-space.ch\/\"},{\"@type\":\"ListItem\",\"position\":2,\"name\":\"Integrative Gesundheit\"}]},{\"@type\":\"WebSite\",\"@id\":\"https:\/\/digital-health-space.ch\/#website\",\"url\":\"https:\/\/digital-health-space.ch\/\",\"name\":\"Digital Health Space\",\"description\":\"Lehrstuhl f\u00fcr Komplement\u00e4r- und Integrative Medizin der Universit\u00e4t Z\u00fcrich\",\"publisher\":{\"@id\":\"https:\/\/digital-health-space.ch\/#organization\"},\"potentialAction\":[{\"@type\":\"SearchAction\",\"target\":{\"@type\":\"EntryPoint\",\"urlTemplate\":\"https:\/\/digital-health-space.ch\/?s={search_term_string}\"},\"query-input\":{\"@type\":\"PropertyValueSpecification\",\"valueRequired\":true,\"valueName\":\"search_term_string\"}}],\"inLanguage\":\"en-GB\"},{\"@type\":\"Organization\",\"@id\":\"https:\/\/digital-health-space.ch\/#organization\",\"name\":\"Digital Health Space\",\"url\":\"https:\/\/digital-health-space.ch\/\",\"logo\":{\"@type\":\"ImageObject\",\"inLanguage\":\"en-GB\",\"@id\":\"https:\/\/digital-health-space.ch\/#\/schema\/logo\/image\/\",\"url\":\"https:\/\/digital-health-space.ch\/wp-content\/uploads\/2024\/10\/cropped-Logo-Medium-scaled-1.webp\",\"contentUrl\":\"https:\/\/digital-health-space.ch\/wp-content\/uploads\/2024\/10\/cropped-Logo-Medium-scaled-1.webp\",\"width\":2560,\"height\":236,\"caption\":\"Digital Health Space\"},\"image\":{\"@id\":\"https:\/\/digital-health-space.ch\/#\/schema\/logo\/image\/\"}}]}<\/script>\n<!-- \/ Yoast SEO plugin. -->","yoast_head_json":{"title":"Digital Health Space \u2013 Ganzheitliche Gesundheit f\u00f6rdern | Uni Z\u00fcrich","description":"Entdecken Sie das Digital Health Space der Universit\u00e4t Z\u00fcrich \u2013 Ans\u00e4tze zur F\u00f6rderung von Gesundheit & Wohlbefinden durch Geist-K\u00f6rper-Verbindung.","robots":{"index":"index","follow":"follow","max-snippet":"max-snippet:-1","max-image-preview":"max-image-preview:large","max-video-preview":"max-video-preview:-1"},"canonical":"https:\/\/digital-health-space.ch\/en\/integrative-gesundheit","og_locale":"en_GB","og_type":"article","og_title":"Digital Health Space \u2013 Ganzheitliche Gesundheit f\u00f6rdern | Uni Z\u00fcrich","og_description":"Entdecken Sie das Digital Health Space der Universit\u00e4t Z\u00fcrich \u2013 Ans\u00e4tze zur F\u00f6rderung von Gesundheit & Wohlbefinden durch Geist-K\u00f6rper-Verbindung.","og_url":"https:\/\/digital-health-space.ch\/en\/integrative-gesundheit","og_site_name":"Digital Health Space","article_modified_time":"2025-07-24T08:55:13+00:00","og_image":[{"url":"https:\/\/digital-health-space.ch\/wp-content\/uploads\/2025\/07\/Untitled-design-53-1.png","width":1,"height":1,"type":"image\/png"}],"twitter_card":"summary_large_image","twitter_misc":{"Estimated reading time":"2 minutes"},"schema":{"@context":"https:\/\/schema.org","@graph":[{"@type":"WebPage","@id":"https:\/\/digital-health-space.ch\/integrative-gesundheit","url":"https:\/\/digital-health-space.ch\/integrative-gesundheit","name":"Digital Health Space \u2013 Ganzheitliche Gesundheit f\u00f6rdern | Uni Z\u00fcrich","isPartOf":{"@id":"https:\/\/digital-health-space.ch\/#website"},"primaryImageOfPage":{"@id":"https:\/\/digital-health-space.ch\/integrative-gesundheit#primaryimage"},"image":{"@id":"https:\/\/digital-health-space.ch\/integrative-gesundheit#primaryimage"},"thumbnailUrl":"https:\/\/digital-health-space.ch\/wp-content\/uploads\/2025\/07\/Untitled-design-53-1.png","datePublished":"2025-07-07T13:45:23+00:00","dateModified":"2025-07-24T08:55:13+00:00","description":"Entdecken Sie das Digital Health Space der Universit\u00e4t Z\u00fcrich \u2013 Ans\u00e4tze zur F\u00f6rderung von Gesundheit & Wohlbefinden durch Geist-K\u00f6rper-Verbindung.","breadcrumb":{"@id":"https:\/\/digital-health-space.ch\/integrative-gesundheit#breadcrumb"},"inLanguage":"en-GB","potentialAction":[{"@type":"ReadAction","target":["https:\/\/digital-health-space.ch\/integrative-gesundheit"]}]},{"@type":"ImageObject","inLanguage":"en-GB","@id":"https:\/\/digital-health-space.ch\/integrative-gesundheit#primaryimage","url":"https:\/\/digital-health-space.ch\/wp-content\/uploads\/2025\/07\/Untitled-design-53-1.png","contentUrl":"https:\/\/digital-health-space.ch\/wp-content\/uploads\/2025\/07\/Untitled-design-53-1.png"},{"@type":"BreadcrumbList","@id":"https:\/\/digital-health-space.ch\/integrative-gesundheit#breadcrumb","itemListElement":[{"@type":"ListItem","position":1,"name":"Startseite","item":"https:\/\/digital-health-space.ch\/"},{"@type":"ListItem","position":2,"name":"Integrative Gesundheit"}]},{"@type":"WebSite","@id":"https:\/\/digital-health-space.ch\/#website","url":"https:\/\/digital-health-space.ch\/","name":"Digital Health Space","description":"Chair of Complementary and Integrative Medicine at the University of Zurich","publisher":{"@id":"https:\/\/digital-health-space.ch\/#organization"},"potentialAction":[{"@type":"SearchAction","target":{"@type":"EntryPoint","urlTemplate":"https:\/\/digital-health-space.ch\/?s={search_term_string}"},"query-input":{"@type":"PropertyValueSpecification","valueRequired":true,"valueName":"search_term_string"}}],"inLanguage":"en-GB"},{"@type":"Organization","@id":"https:\/\/digital-health-space.ch\/#organization","name":"Digital Health Space","url":"https:\/\/digital-health-space.ch\/","logo":{"@type":"ImageObject","inLanguage":"en-GB","@id":"https:\/\/digital-health-space.ch\/#\/schema\/logo\/image\/","url":"https:\/\/digital-health-space.ch\/wp-content\/uploads\/2024\/10\/cropped-Logo-Medium-scaled-1.webp","contentUrl":"https:\/\/digital-health-space.ch\/wp-content\/uploads\/2024\/10\/cropped-Logo-Medium-scaled-1.webp","width":2560,"height":236,"caption":"Digital Health Space"},"image":{"@id":"https:\/\/digital-health-space.ch\/#\/schema\/logo\/image\/"}}]}},"_links":{"self":[{"href":"https:\/\/digital-health-space.ch\/en\/wp-json\/wp\/v2\/pages\/3384","targetHints":{"allow":["GET"]}}],"collection":[{"href":"https:\/\/digital-health-space.ch\/en\/wp-json\/wp\/v2\/pages"}],"about":[{"href":"https:\/\/digital-health-space.ch\/en\/wp-json\/wp\/v2\/types\/page"}],"author":[{"embeddable":true,"href":"https:\/\/digital-health-space.ch\/en\/wp-json\/wp\/v2\/users\/2"}],"replies":[{"embeddable":true,"href":"https:\/\/digital-health-space.ch\/en\/wp-json\/wp\/v2\/comments?post=3384"}],"version-history":[{"count":0,"href":"https:\/\/digital-health-space.ch\/en\/wp-json\/wp\/v2\/pages\/3384\/revisions"}],"wp:attachment":[{"href":"https:\/\/digital-health-space.ch\/en\/wp-json\/wp\/v2\/media?parent=3384"}],"curies":[{"name":"wp","href":"https:\/\/api.w.org\/{rel}","templated":true}]}}