{"id":490,"date":"2024-10-16T21:21:11","date_gmt":"2024-10-16T21:21:11","guid":{"rendered":"https:\/\/mindbodymedicine.vagabunt-agentur.de\/?page_id=490"},"modified":"2025-08-26T11:15:22","modified_gmt":"2025-08-26T11:15:22","slug":"self-care-uebungen","status":"publish","type":"page","link":"https:\/\/digital-health-space.ch\/en\/self-care-uebungen","title":{"rendered":"Self Care \u00dcbungen"},"content":{"rendered":"<div data-elementor-type=\"wp-page\" data-elementor-id=\"490\" class=\"elementor elementor-490\" data-elementor-post-type=\"page\">\n\t\t\t\t<div class=\"elementor-element elementor-element-a0a276a e-flex e-con-boxed e-con e-parent\" data-id=\"a0a276a\" data-element_type=\"container\" data-settings=\"{&quot;background_background&quot;:&quot;classic&quot;}\">\n\t\t\t\t\t<div class=\"e-con-inner\">\n\t\t<div class=\"elementor-element elementor-element-93636a8 e-con-full e-flex e-con e-child\" data-id=\"93636a8\" data-element_type=\"container\" data-settings=\"{&quot;background_background&quot;:&quot;gradient&quot;}\">\n\t\t<div class=\"elementor-element elementor-element-aaf9613 e-con-full e-flex e-con e-child\" data-id=\"aaf9613\" data-element_type=\"container\">\n\t\t\t\t<div class=\"elementor-element elementor-element-83432b7 elementor-invisible elementor-widget elementor-widget-heading\" data-id=\"83432b7\" data-element_type=\"widget\" data-settings=\"{&quot;_animation&quot;:&quot;fadeInUp&quot;}\" data-widget_type=\"heading.default\">\n\t\t\t\t<div class=\"elementor-widget-container\">\n\t\t\t\t\t<h1 class=\"elementor-heading-title elementor-size-default\">Self-care Measures<\/h1>\t\t\t\t<\/div>\n\t\t\t\t<\/div>\n\t\t\t\t<div class=\"elementor-element elementor-element-f9ef4da elementor-widget elementor-widget-heading\" data-id=\"f9ef4da\" data-element_type=\"widget\" data-widget_type=\"heading.default\">\n\t\t\t\t<div class=\"elementor-widget-container\">\n\t\t\t\t\t<h3 class=\"elementor-heading-title elementor-size-default\">Do something for your own well-being<\/h3>\t\t\t\t<\/div>\n\t\t\t\t<\/div>\n\t\t\t\t<div class=\"elementor-element elementor-element-e6d78f9 elementor-widget elementor-widget-text-editor\" data-id=\"e6d78f9\" data-element_type=\"widget\" data-widget_type=\"text-editor.default\">\n\t\t\t\t<div class=\"elementor-widget-container\">\n\t\t\t\t\t\t\t\t\t<p>Many people feel the need to actively contribute to their health, whether during phases of intensive medical treatment, after completing therapy, or for general health promotion and prevention. In such cases, so-called self-care measures can provide valuable support. These include methods such as relaxation techniques, mindfulness practices, or acupressure, which are easy to learn and can be applied independently.<\/p>\t\t\t\t\t\t\t\t<\/div>\n\t\t\t\t<\/div>\n\t\t\t\t<\/div>\n\t\t\t\t<\/div>\n\t\t\t\t\t<\/div>\n\t\t\t\t<\/div>\n\t\t<div class=\"elementor-element elementor-element-b09a757 e-flex e-con-boxed e-con e-parent\" data-id=\"b09a757\" data-element_type=\"container\">\n\t\t\t\t\t<div class=\"e-con-inner\">\n\t\t<div class=\"elementor-element elementor-element-66c7946 e-con-full e-flex e-con e-child\" data-id=\"66c7946\" data-element_type=\"container\">\n\t\t<a class=\"elementor-element elementor-element-2645774 e-con-full e-transform e-flex elementor-invisible e-con e-child\" data-id=\"2645774\" data-element_type=\"container\" data-settings=\"{&quot;background_background&quot;:&quot;classic&quot;,&quot;animation&quot;:&quot;fadeInDown&quot;,&quot;_transform_scale_effect_hover&quot;:{&quot;unit&quot;:&quot;px&quot;,&quot;size&quot;:0.97,&quot;sizes&quot;:[]},&quot;_transform_scale_effect_hover_tablet&quot;:{&quot;unit&quot;:&quot;px&quot;,&quot;size&quot;:&quot;&quot;,&quot;sizes&quot;:[]},&quot;_transform_scale_effect_hover_mobile&quot;:{&quot;unit&quot;:&quot;px&quot;,&quot;size&quot;:&quot;&quot;,&quot;sizes&quot;:[]}}\" href=\"\/en\/uebungen-gegen-regelschmerzen\/\">\n\t\t\t\t<div class=\"elementor-element elementor-element-cfc4487 elementor-widget elementor-widget-heading\" data-id=\"cfc4487\" data-element_type=\"widget\" data-widget_type=\"heading.default\">\n\t\t\t\t<div class=\"elementor-widget-container\">\n\t\t\t\t\t<h3 class=\"elementor-heading-title elementor-size-default\">Exercises Against Menstrual Pain<\/h3>\t\t\t\t<\/div>\n\t\t\t\t<\/div>\n\t\t\t\t<\/a>\n\t\t<a class=\"elementor-element elementor-element-daa1135 e-con-full e-transform e-flex elementor-invisible e-con e-child\" data-id=\"daa1135\" data-element_type=\"container\" data-settings=\"{&quot;background_background&quot;:&quot;classic&quot;,&quot;animation&quot;:&quot;fadeInLeft&quot;,&quot;animation_delay&quot;:700,&quot;_transform_scale_effect_hover&quot;:{&quot;unit&quot;:&quot;px&quot;,&quot;size&quot;:0.97,&quot;sizes&quot;:[]},&quot;_transform_scale_effect_hover_tablet&quot;:{&quot;unit&quot;:&quot;px&quot;,&quot;size&quot;:&quot;&quot;,&quot;sizes&quot;:[]},&quot;_transform_scale_effect_hover_mobile&quot;:{&quot;unit&quot;:&quot;px&quot;,&quot;size&quot;:&quot;&quot;,&quot;sizes&quot;:[]}}\" href=\"\/en\/relaxation\/\">\n\t\t\t\t<div class=\"elementor-element elementor-element-bc88a76 elementor-invisible elementor-widget elementor-widget-image\" data-id=\"bc88a76\" data-element_type=\"widget\" data-settings=\"{&quot;_animation&quot;:&quot;fadeInUp&quot;,&quot;_animation_delay&quot;:200}\" data-widget_type=\"image.default\">\n\t\t\t\t<div class=\"elementor-widget-container\">\n\t\t\t\t\t\t\t\t\t\t\t\t\t\t\t<img fetchpriority=\"high\" decoding=\"async\" width=\"1563\" height=\"1563\" src=\"https:\/\/digital-health-space.ch\/wp-content\/uploads\/2025\/06\/Untitled-design-32.png\" class=\"attachment-full size-full wp-image-3199\" alt=\"\" srcset=\"https:\/\/digital-health-space.ch\/wp-content\/uploads\/2025\/06\/Untitled-design-32.png 1563w, https:\/\/digital-health-space.ch\/wp-content\/uploads\/2025\/06\/Untitled-design-32-1024x1024.png 1024w, https:\/\/digital-health-space.ch\/wp-content\/uploads\/2025\/06\/Untitled-design-32-768x768.png 768w, https:\/\/digital-health-space.ch\/wp-content\/uploads\/2025\/06\/Untitled-design-32-1536x1536.png 1536w, https:\/\/digital-health-space.ch\/wp-content\/uploads\/2025\/06\/Untitled-design-32-12x12.png 12w\" sizes=\"(max-width: 1563px) 100vw, 1563px\" \/>\t\t\t\t\t\t\t\t\t\t\t\t\t\t\t<\/div>\n\t\t\t\t<\/div>\n\t\t\t\t<div class=\"elementor-element elementor-element-5b3a03d elementor-invisible elementor-widget elementor-widget-heading\" data-id=\"5b3a03d\" data-element_type=\"widget\" data-settings=\"{&quot;_animation&quot;:&quot;fadeIn&quot;}\" data-widget_type=\"heading.default\">\n\t\t\t\t<div class=\"elementor-widget-container\">\n\t\t\t\t\t<h3 class=\"elementor-heading-title elementor-size-default\">Relaxation Exercises<\/h3>\t\t\t\t<\/div>\n\t\t\t\t<\/div>\n\t\t\t\t<\/a>\n\t\t\t\t<\/div>\n\t\t\t\t\t<\/div>\n\t\t\t\t<\/div>\n\t\t<div class=\"elementor-element elementor-element-2f3f547 e-flex e-con-boxed e-con e-parent\" data-id=\"2f3f547\" data-element_type=\"container\">\n\t\t\t\t\t<div class=\"e-con-inner\">\n\t\t<div class=\"elementor-element elementor-element-aceb8b0 e-con-full e-flex e-con e-child\" data-id=\"aceb8b0\" data-element_type=\"container\">\n\t\t<a class=\"elementor-element elementor-element-e97a328 e-con-full e-transform e-flex elementor-invisible e-con e-child\" data-id=\"e97a328\" data-element_type=\"container\" data-settings=\"{&quot;background_background&quot;:&quot;classic&quot;,&quot;animation&quot;:&quot;fadeInLeft&quot;,&quot;animation_delay&quot;:700,&quot;_transform_scale_effect_hover&quot;:{&quot;unit&quot;:&quot;px&quot;,&quot;size&quot;:0.97,&quot;sizes&quot;:[]},&quot;_transform_scale_effect_hover_tablet&quot;:{&quot;unit&quot;:&quot;px&quot;,&quot;size&quot;:&quot;&quot;,&quot;sizes&quot;:[]},&quot;_transform_scale_effect_hover_mobile&quot;:{&quot;unit&quot;:&quot;px&quot;,&quot;size&quot;:&quot;&quot;,&quot;sizes&quot;:[]}}\" href=\"\/en\/mind-body-nature-experience\/\">\n\t\t\t\t<\/a>\n\t\t<a class=\"elementor-element elementor-element-94cec9a e-con-full e-transform e-flex elementor-invisible e-con e-child\" data-id=\"94cec9a\" data-element_type=\"container\" data-settings=\"{&quot;background_background&quot;:&quot;classic&quot;,&quot;animation&quot;:&quot;fadeInDown&quot;,&quot;_transform_scale_effect_hover&quot;:{&quot;unit&quot;:&quot;px&quot;,&quot;size&quot;:0.97,&quot;sizes&quot;:[]},&quot;_transform_scale_effect_hover_tablet&quot;:{&quot;unit&quot;:&quot;px&quot;,&quot;size&quot;:&quot;&quot;,&quot;sizes&quot;:[]},&quot;_transform_scale_effect_hover_mobile&quot;:{&quot;unit&quot;:&quot;px&quot;,&quot;size&quot;:&quot;&quot;,&quot;sizes&quot;:[]}}\" href=\"\/en\/about\/\">\n\t\t\t\t<div class=\"elementor-element elementor-element-65e7b16 elementor-widget elementor-widget-image\" data-id=\"65e7b16\" data-element_type=\"widget\" data-widget_type=\"image.default\">\n\t\t\t\t<div class=\"elementor-widget-container\">\n\t\t\t\t\t\t\t\t\t\t\t\t\t\t\t<img decoding=\"async\" width=\"1563\" height=\"1563\" src=\"https:\/\/digital-health-space.ch\/wp-content\/uploads\/2025\/06\/Untitled-design-15.png\" class=\"attachment-full size-full wp-image-3094\" alt=\"\" srcset=\"https:\/\/digital-health-space.ch\/wp-content\/uploads\/2025\/06\/Untitled-design-15.png 1563w, https:\/\/digital-health-space.ch\/wp-content\/uploads\/2025\/06\/Untitled-design-15-1024x1024.png 1024w, https:\/\/digital-health-space.ch\/wp-content\/uploads\/2025\/06\/Untitled-design-15-768x768.png 768w, https:\/\/digital-health-space.ch\/wp-content\/uploads\/2025\/06\/Untitled-design-15-1536x1536.png 1536w, https:\/\/digital-health-space.ch\/wp-content\/uploads\/2025\/06\/Untitled-design-15-12x12.png 12w\" sizes=\"(max-width: 1563px) 100vw, 1563px\" \/>\t\t\t\t\t\t\t\t\t\t\t\t\t\t\t<\/div>\n\t\t\t\t<\/div>\n\t\t\t\t<div class=\"elementor-element elementor-element-1eb8ed5 elementor-widget elementor-widget-heading\" data-id=\"1eb8ed5\" data-element_type=\"widget\" data-widget_type=\"heading.default\">\n\t\t\t\t<div class=\"elementor-widget-container\">\n\t\t\t\t\t<h3 class=\"elementor-heading-title elementor-size-default\">About us<\/h3>\t\t\t\t<\/div>\n\t\t\t\t<\/div>\n\t\t\t\t<\/a>\n\t\t\t\t<\/div>\n\t\t\t\t\t<\/div>\n\t\t\t\t<\/div>\n\t\t\t\t<\/div>","protected":false},"excerpt":{"rendered":"<p>Self Care Massnahmen Selbst etwas f\u00fcr das Wohlbefinden tun Viele Menschen haben das Bed\u00fcrfnis, aktiv zu ihrer Gesundheit beizutragen, sei es in Phasen intensiver medizinischer Behandlung, nach Abschluss einer Therapie oder zur allgemeinen Gesundheitsf\u00f6rderung und Pr\u00e4vention. In solchen F\u00e4llen k\u00f6nnen sogenannte Self Care Massnahmen eine wertvolle Unterst\u00fctzung bieten. Dazu z\u00e4hlen unter anderem Methoden wie Entspannungsverfahren, [&hellip;]<\/p>","protected":false},"author":1,"featured_media":0,"parent":0,"menu_order":0,"comment_status":"closed","ping_status":"closed","template":"","meta":{"_acf_changed":false,"_monsterinsights_skip_tracking":false,"_monsterinsights_sitenote_active":false,"_monsterinsights_sitenote_note":"","_monsterinsights_sitenote_category":0,"footnotes":""},"class_list":["post-490","page","type-page","status-publish","hentry"],"acf":[],"yoast_head":"<!-- This site is optimized with the Yoast SEO plugin v25.7 - https:\/\/yoast.com\/wordpress\/plugins\/seo\/ -->\n<title>Self-Care \u00dcbungen \u2013 Praktische Ans\u00e4tze f\u00fcr K\u00f6rper und Geist | Uni Z\u00fcrich<\/title>\n<meta name=\"description\" content=\"Praktische Self-Care \u00dcbungen der Universit\u00e4t Z\u00fcrich \u2013 f\u00f6rdern Sie Ihr Wohlbefinden mit einfachen Techniken f\u00fcr K\u00f6rper und Geist.\" \/>\n<meta name=\"robots\" content=\"index, follow, max-snippet:-1, max-image-preview:large, max-video-preview:-1\" \/>\n<link rel=\"canonical\" href=\"https:\/\/digital-health-space.ch\/en\/self-care-uebungen\" \/>\n<meta property=\"og:locale\" content=\"en_GB\" \/>\n<meta property=\"og:type\" content=\"article\" \/>\n<meta property=\"og:title\" content=\"Self-Care \u00dcbungen \u2013 Praktische Ans\u00e4tze f\u00fcr K\u00f6rper und Geist | Uni Z\u00fcrich\" \/>\n<meta property=\"og:description\" content=\"Praktische Self-Care \u00dcbungen der Universit\u00e4t Z\u00fcrich \u2013 f\u00f6rdern Sie Ihr Wohlbefinden mit einfachen Techniken f\u00fcr K\u00f6rper und Geist.\" \/>\n<meta property=\"og:url\" content=\"https:\/\/digital-health-space.ch\/en\/self-care-uebungen\" \/>\n<meta property=\"og:site_name\" content=\"Digital Health Space\" \/>\n<meta property=\"article:modified_time\" content=\"2025-08-26T11:15:22+00:00\" \/>\n<meta property=\"og:image\" content=\"https:\/\/digital-health-space.ch\/wp-content\/uploads\/2025\/06\/Untitled-design-32.png\" \/>\n\t<meta property=\"og:image:width\" content=\"1563\" \/>\n\t<meta property=\"og:image:height\" content=\"1563\" \/>\n\t<meta property=\"og:image:type\" content=\"image\/png\" \/>\n<meta name=\"twitter:card\" content=\"summary_large_image\" \/>\n<meta name=\"twitter:label1\" content=\"Estimated reading time\" \/>\n\t<meta name=\"twitter:data1\" content=\"1 minute\" \/>\n<script type=\"application\/ld+json\" class=\"yoast-schema-graph\">{\"@context\":\"https:\/\/schema.org\",\"@graph\":[{\"@type\":\"WebPage\",\"@id\":\"https:\/\/digital-health-space.ch\/self-care-uebungen\",\"url\":\"https:\/\/digital-health-space.ch\/self-care-uebungen\",\"name\":\"Self-Care \u00dcbungen \u2013 Praktische Ans\u00e4tze f\u00fcr K\u00f6rper und Geist | Uni Z\u00fcrich\",\"isPartOf\":{\"@id\":\"https:\/\/digital-health-space.ch\/#website\"},\"primaryImageOfPage\":{\"@id\":\"https:\/\/digital-health-space.ch\/self-care-uebungen#primaryimage\"},\"image\":{\"@id\":\"https:\/\/digital-health-space.ch\/self-care-uebungen#primaryimage\"},\"thumbnailUrl\":\"https:\/\/digital-health-space.ch\/wp-content\/uploads\/2025\/06\/Untitled-design-32.png\",\"datePublished\":\"2024-10-16T21:21:11+00:00\",\"dateModified\":\"2025-08-26T11:15:22+00:00\",\"description\":\"Praktische Self-Care \u00dcbungen der Universit\u00e4t Z\u00fcrich \u2013 f\u00f6rdern Sie Ihr Wohlbefinden mit einfachen Techniken f\u00fcr K\u00f6rper und Geist.\",\"breadcrumb\":{\"@id\":\"https:\/\/digital-health-space.ch\/self-care-uebungen#breadcrumb\"},\"inLanguage\":\"en-GB\",\"potentialAction\":[{\"@type\":\"ReadAction\",\"target\":[\"https:\/\/digital-health-space.ch\/self-care-uebungen\"]}]},{\"@type\":\"ImageObject\",\"inLanguage\":\"en-GB\",\"@id\":\"https:\/\/digital-health-space.ch\/self-care-uebungen#primaryimage\",\"url\":\"https:\/\/digital-health-space.ch\/wp-content\/uploads\/2025\/06\/Untitled-design-32.png\",\"contentUrl\":\"https:\/\/digital-health-space.ch\/wp-content\/uploads\/2025\/06\/Untitled-design-32.png\"},{\"@type\":\"BreadcrumbList\",\"@id\":\"https:\/\/digital-health-space.ch\/self-care-uebungen#breadcrumb\",\"itemListElement\":[{\"@type\":\"ListItem\",\"position\":1,\"name\":\"Startseite\",\"item\":\"https:\/\/digital-health-space.ch\/\"},{\"@type\":\"ListItem\",\"position\":2,\"name\":\"Self Care \u00dcbungen\"}]},{\"@type\":\"WebSite\",\"@id\":\"https:\/\/digital-health-space.ch\/#website\",\"url\":\"https:\/\/digital-health-space.ch\/\",\"name\":\"Digital Health Space\",\"description\":\"Lehrstuhl f\u00fcr Komplement\u00e4r- und Integrative Medizin der Universit\u00e4t Z\u00fcrich\",\"publisher\":{\"@id\":\"https:\/\/digital-health-space.ch\/#organization\"},\"potentialAction\":[{\"@type\":\"SearchAction\",\"target\":{\"@type\":\"EntryPoint\",\"urlTemplate\":\"https:\/\/digital-health-space.ch\/?s={search_term_string}\"},\"query-input\":{\"@type\":\"PropertyValueSpecification\",\"valueRequired\":true,\"valueName\":\"search_term_string\"}}],\"inLanguage\":\"en-GB\"},{\"@type\":\"Organization\",\"@id\":\"https:\/\/digital-health-space.ch\/#organization\",\"name\":\"Digital Health Space\",\"url\":\"https:\/\/digital-health-space.ch\/\",\"logo\":{\"@type\":\"ImageObject\",\"inLanguage\":\"en-GB\",\"@id\":\"https:\/\/digital-health-space.ch\/#\/schema\/logo\/image\/\",\"url\":\"https:\/\/digital-health-space.ch\/wp-content\/uploads\/2024\/10\/cropped-Logo-Medium-scaled-1.webp\",\"contentUrl\":\"https:\/\/digital-health-space.ch\/wp-content\/uploads\/2024\/10\/cropped-Logo-Medium-scaled-1.webp\",\"width\":2560,\"height\":236,\"caption\":\"Digital Health Space\"},\"image\":{\"@id\":\"https:\/\/digital-health-space.ch\/#\/schema\/logo\/image\/\"}}]}<\/script>\n<!-- \/ Yoast SEO plugin. -->","yoast_head_json":{"title":"Self-Care \u00dcbungen \u2013 Praktische Ans\u00e4tze f\u00fcr K\u00f6rper und Geist | Uni Z\u00fcrich","description":"Praktische Self-Care \u00dcbungen der Universit\u00e4t Z\u00fcrich \u2013 f\u00f6rdern Sie Ihr Wohlbefinden mit einfachen Techniken f\u00fcr K\u00f6rper und Geist.","robots":{"index":"index","follow":"follow","max-snippet":"max-snippet:-1","max-image-preview":"max-image-preview:large","max-video-preview":"max-video-preview:-1"},"canonical":"https:\/\/digital-health-space.ch\/en\/self-care-uebungen","og_locale":"en_GB","og_type":"article","og_title":"Self-Care \u00dcbungen \u2013 Praktische Ans\u00e4tze f\u00fcr K\u00f6rper und Geist | Uni Z\u00fcrich","og_description":"Praktische Self-Care \u00dcbungen der Universit\u00e4t Z\u00fcrich \u2013 f\u00f6rdern Sie Ihr Wohlbefinden mit einfachen Techniken f\u00fcr K\u00f6rper und Geist.","og_url":"https:\/\/digital-health-space.ch\/en\/self-care-uebungen","og_site_name":"Digital Health Space","article_modified_time":"2025-08-26T11:15:22+00:00","og_image":[{"width":1563,"height":1563,"url":"https:\/\/digital-health-space.ch\/wp-content\/uploads\/2025\/06\/Untitled-design-32.png","type":"image\/png"}],"twitter_card":"summary_large_image","twitter_misc":{"Estimated reading time":"1 minute"},"schema":{"@context":"https:\/\/schema.org","@graph":[{"@type":"WebPage","@id":"https:\/\/digital-health-space.ch\/self-care-uebungen","url":"https:\/\/digital-health-space.ch\/self-care-uebungen","name":"Self-Care \u00dcbungen \u2013 Praktische Ans\u00e4tze f\u00fcr K\u00f6rper und Geist | Uni Z\u00fcrich","isPartOf":{"@id":"https:\/\/digital-health-space.ch\/#website"},"primaryImageOfPage":{"@id":"https:\/\/digital-health-space.ch\/self-care-uebungen#primaryimage"},"image":{"@id":"https:\/\/digital-health-space.ch\/self-care-uebungen#primaryimage"},"thumbnailUrl":"https:\/\/digital-health-space.ch\/wp-content\/uploads\/2025\/06\/Untitled-design-32.png","datePublished":"2024-10-16T21:21:11+00:00","dateModified":"2025-08-26T11:15:22+00:00","description":"Praktische Self-Care \u00dcbungen der Universit\u00e4t Z\u00fcrich \u2013 f\u00f6rdern Sie Ihr Wohlbefinden mit einfachen Techniken f\u00fcr K\u00f6rper und Geist.","breadcrumb":{"@id":"https:\/\/digital-health-space.ch\/self-care-uebungen#breadcrumb"},"inLanguage":"en-GB","potentialAction":[{"@type":"ReadAction","target":["https:\/\/digital-health-space.ch\/self-care-uebungen"]}]},{"@type":"ImageObject","inLanguage":"en-GB","@id":"https:\/\/digital-health-space.ch\/self-care-uebungen#primaryimage","url":"https:\/\/digital-health-space.ch\/wp-content\/uploads\/2025\/06\/Untitled-design-32.png","contentUrl":"https:\/\/digital-health-space.ch\/wp-content\/uploads\/2025\/06\/Untitled-design-32.png"},{"@type":"BreadcrumbList","@id":"https:\/\/digital-health-space.ch\/self-care-uebungen#breadcrumb","itemListElement":[{"@type":"ListItem","position":1,"name":"Startseite","item":"https:\/\/digital-health-space.ch\/"},{"@type":"ListItem","position":2,"name":"Self Care \u00dcbungen"}]},{"@type":"WebSite","@id":"https:\/\/digital-health-space.ch\/#website","url":"https:\/\/digital-health-space.ch\/","name":"Digital Health Space","description":"Chair of Complementary and Integrative Medicine at the University of Zurich","publisher":{"@id":"https:\/\/digital-health-space.ch\/#organization"},"potentialAction":[{"@type":"SearchAction","target":{"@type":"EntryPoint","urlTemplate":"https:\/\/digital-health-space.ch\/?s={search_term_string}"},"query-input":{"@type":"PropertyValueSpecification","valueRequired":true,"valueName":"search_term_string"}}],"inLanguage":"en-GB"},{"@type":"Organization","@id":"https:\/\/digital-health-space.ch\/#organization","name":"Digital Health Space","url":"https:\/\/digital-health-space.ch\/","logo":{"@type":"ImageObject","inLanguage":"en-GB","@id":"https:\/\/digital-health-space.ch\/#\/schema\/logo\/image\/","url":"https:\/\/digital-health-space.ch\/wp-content\/uploads\/2024\/10\/cropped-Logo-Medium-scaled-1.webp","contentUrl":"https:\/\/digital-health-space.ch\/wp-content\/uploads\/2024\/10\/cropped-Logo-Medium-scaled-1.webp","width":2560,"height":236,"caption":"Digital Health Space"},"image":{"@id":"https:\/\/digital-health-space.ch\/#\/schema\/logo\/image\/"}}]}},"_links":{"self":[{"href":"https:\/\/digital-health-space.ch\/en\/wp-json\/wp\/v2\/pages\/490","targetHints":{"allow":["GET"]}}],"collection":[{"href":"https:\/\/digital-health-space.ch\/en\/wp-json\/wp\/v2\/pages"}],"about":[{"href":"https:\/\/digital-health-space.ch\/en\/wp-json\/wp\/v2\/types\/page"}],"author":[{"embeddable":true,"href":"https:\/\/digital-health-space.ch\/en\/wp-json\/wp\/v2\/users\/1"}],"replies":[{"embeddable":true,"href":"https:\/\/digital-health-space.ch\/en\/wp-json\/wp\/v2\/comments?post=490"}],"version-history":[{"count":6,"href":"https:\/\/digital-health-space.ch\/en\/wp-json\/wp\/v2\/pages\/490\/revisions"}],"predecessor-version":[{"id":4387,"href":"https:\/\/digital-health-space.ch\/en\/wp-json\/wp\/v2\/pages\/490\/revisions\/4387"}],"wp:attachment":[{"href":"https:\/\/digital-health-space.ch\/en\/wp-json\/wp\/v2\/media?parent=490"}],"curies":[{"name":"wp","href":"https:\/\/api.w.org\/{rel}","templated":true}]}}