{"id":907,"date":"2024-10-29T13:39:35","date_gmt":"2024-10-29T13:39:35","guid":{"rendered":"https:\/\/mindbodymedicine.vagabunt-agentur.de\/?page_id=907"},"modified":"2025-07-24T08:34:05","modified_gmt":"2025-07-24T08:34:05","slug":"digital-twin","status":"publish","type":"page","link":"https:\/\/digital-health-space.ch\/en\/digital-twin","title":{"rendered":"Digital Twin"},"content":{"rendered":"<div data-elementor-type=\"wp-page\" data-elementor-id=\"907\" class=\"elementor elementor-907\" data-elementor-post-type=\"page\">\n\t\t\t\t<div class=\"elementor-element elementor-element-1c87ed5 e-flex e-con-boxed e-con e-parent\" data-id=\"1c87ed5\" data-element_type=\"container\">\n\t\t\t\t\t<div class=\"e-con-inner\">\n\t\t<div class=\"elementor-element elementor-element-6f754a6 e-con-full e-transform e-flex e-con e-child\" data-id=\"6f754a6\" data-element_type=\"container\" data-settings=\"{&quot;background_background&quot;:&quot;classic&quot;,&quot;_transform_scale_effect_hover&quot;:{&quot;unit&quot;:&quot;px&quot;,&quot;size&quot;:0.97,&quot;sizes&quot;:[]},&quot;_transform_scale_effect_hover_tablet&quot;:{&quot;unit&quot;:&quot;px&quot;,&quot;size&quot;:&quot;&quot;,&quot;sizes&quot;:[]},&quot;_transform_scale_effect_hover_mobile&quot;:{&quot;unit&quot;:&quot;px&quot;,&quot;size&quot;:&quot;&quot;,&quot;sizes&quot;:[]}}\">\n\t\t\t\t<div class=\"elementor-element elementor-element-f8a9551 elementor-invisible elementor-widget elementor-widget-image\" data-id=\"f8a9551\" data-element_type=\"widget\" data-settings=\"{&quot;_animation&quot;:&quot;fadeInUp&quot;,&quot;_animation_delay&quot;:200}\" data-widget_type=\"image.default\">\n\t\t\t\t<div class=\"elementor-widget-container\">\n\t\t\t\t\t\t\t\t\t\t\t\t\t\t\t<img fetchpriority=\"high\" decoding=\"async\" width=\"800\" height=\"800\" src=\"https:\/\/digital-health-space.ch\/wp-content\/uploads\/2025\/06\/Untitled-design-30-1-1024x1024.png\" class=\"attachment-large size-large wp-image-3178\" alt=\"\" srcset=\"https:\/\/digital-health-space.ch\/wp-content\/uploads\/2025\/06\/Untitled-design-30-1-1024x1024.png 1024w, https:\/\/digital-health-space.ch\/wp-content\/uploads\/2025\/06\/Untitled-design-30-1-768x768.png 768w, https:\/\/digital-health-space.ch\/wp-content\/uploads\/2025\/06\/Untitled-design-30-1.png 1563w\" sizes=\"(max-width: 800px) 100vw, 800px\" \/>\t\t\t\t\t\t\t\t\t\t\t\t\t\t\t<\/div>\n\t\t\t\t<\/div>\n\t\t\t\t<\/div>\n\t\t<div class=\"elementor-element elementor-element-3ff0135 e-con-full e-flex elementor-invisible e-con e-child\" data-id=\"3ff0135\" data-element_type=\"container\" data-settings=\"{&quot;background_background&quot;:&quot;classic&quot;,&quot;animation&quot;:&quot;fadeInDown&quot;}\">\n\t\t\t\t<div class=\"elementor-element elementor-element-ab1912d elementor-widget elementor-widget-heading\" data-id=\"ab1912d\" data-element_type=\"widget\" data-widget_type=\"heading.default\">\n\t\t\t\t<div class=\"elementor-widget-container\">\n\t\t\t\t\t<h1 class=\"elementor-heading-title elementor-size-default\">Digital Twins<\/h1>\t\t\t\t<\/div>\n\t\t\t\t<\/div>\n\t\t\t\t<div class=\"elementor-element elementor-element-acc1766 elementor-widget elementor-widget-heading\" data-id=\"acc1766\" data-element_type=\"widget\" data-widget_type=\"heading.default\">\n\t\t\t\t<div class=\"elementor-widget-container\">\n\t\t\t\t\t<h2 class=\"elementor-heading-title elementor-size-default\">Prepared for the Future<\/h2>\t\t\t\t<\/div>\n\t\t\t\t<\/div>\n\t\t\t\t<div class=\"elementor-element elementor-element-0609f12 elementor-widget elementor-widget-text-editor\" data-id=\"0609f12\" data-element_type=\"widget\" data-widget_type=\"text-editor.default\">\n\t\t\t\t<div class=\"elementor-widget-container\">\n\t\t\t\t\t\t\t\t\t<p>Artificial intelligence (AI) will revolutionize prevention, diagnosis, therapy and processes in the healthcare sector in the coming years.<\/p>\t\t\t\t\t\t\t\t<\/div>\n\t\t\t\t<\/div>\n\t\t\t\t<\/div>\n\t\t\t\t\t<\/div>\n\t\t\t\t<\/div>\n\t\t<div class=\"elementor-element elementor-element-72d0e6e e-flex e-con-boxed e-con e-parent\" data-id=\"72d0e6e\" data-element_type=\"container\">\n\t\t\t\t\t<div class=\"e-con-inner\">\n\t\t<div class=\"elementor-element elementor-element-7dcd6bf e-con-full e-flex elementor-invisible e-con e-child\" data-id=\"7dcd6bf\" data-element_type=\"container\" data-settings=\"{&quot;background_background&quot;:&quot;classic&quot;,&quot;animation&quot;:&quot;fadeInDown&quot;}\">\n\t\t\t\t<div class=\"elementor-element elementor-element-34dd0b5 elementor-widget-divider--view-line_text elementor-widget-divider--element-align-center elementor-invisible elementor-widget elementor-widget-divider\" data-id=\"34dd0b5\" data-element_type=\"widget\" data-settings=\"{&quot;_animation&quot;:&quot;fadeInUp&quot;}\" data-widget_type=\"divider.default\">\n\t\t\t\t<div class=\"elementor-widget-container\">\n\t\t\t\t\t\t\t<div class=\"elementor-divider\">\n\t\t\t<span class=\"elementor-divider-separator\">\n\t\t\t\t\t\t\t<span class=\"elementor-divider__text elementor-divider__element\">\n\t\t\t\tStrategy Lab of the Digital Society Initiative\t\t\t\t<\/span>\n\t\t\t\t\t\t<\/span>\n\t\t<\/div>\n\t\t\t\t\t\t<\/div>\n\t\t\t\t<\/div>\n\t\t\t\t<div class=\"elementor-element elementor-element-13863d0 elementor-widget elementor-widget-text-editor\" data-id=\"13863d0\" data-element_type=\"widget\" data-widget_type=\"text-editor.default\">\n\t\t\t\t<div class=\"elementor-widget-container\">\n\t\t\t\t\t\t\t\t\t<p style=\"font-weight: 400;\" class=\"translation-block\">In this context, in the \u201cStrategy Lab\u201d of the <a href=\"\/\/www.dsi.uzh.ch\/de.html\u201d\" target=\"\u201c_blank\u201d\" rel=\"\u201cnoopener\u201d\">Digital Society Initiative (DSI)<\/a> at the University of Zurich, we worked with experts in a systematic process to investigate how the responsible use of AI in medicine can be ensured.<\/p>\t\t\t\t\t\t\t\t<\/div>\n\t\t\t\t<\/div>\n\t\t\t\t<div class=\"elementor-element elementor-element-bc4440b elementor-widget-divider--view-line_text elementor-widget-divider--element-align-center elementor-widget elementor-widget-divider\" data-id=\"bc4440b\" data-element_type=\"widget\" data-widget_type=\"divider.default\">\n\t\t\t\t<div class=\"elementor-widget-container\">\n\t\t\t\t\t\t\t<div class=\"elementor-divider\">\n\t\t\t<span class=\"elementor-divider-separator\">\n\t\t\t\t\t\t\t<span class=\"elementor-divider__text elementor-divider__element\">\n\t\t\t\tCase studies, Goals and Recommendations\t\t\t\t<\/span>\n\t\t\t\t\t\t<\/span>\n\t\t<\/div>\n\t\t\t\t\t\t<\/div>\n\t\t\t\t<\/div>\n\t\t\t\t<div class=\"elementor-element elementor-element-01b6f68 elementor-widget elementor-widget-text-editor\" data-id=\"01b6f68\" data-element_type=\"widget\" data-widget_type=\"text-editor.default\">\n\t\t\t\t<div class=\"elementor-widget-container\">\n\t\t\t\t\t\t\t\t\t<p style=\"font-weight: 400;\">Our four case studies highlighted the impact of AI on medical practice, with the Digital Twin emerging as a key future development. A Digital Twin is a virtual replica of a physical entity, such as a patient, that uses real-time data to simulate, predict, and optimize health outcomes and medical interventions.<\/p><p style=\"font-weight: 400;\">We have developed goals and recommendations to guide the responsible use of Digital Twins in healthcare.<\/p><p><a href=\"https:\/\/www.dsi.uzh.ch\/en\/research\/projects\/strategy-lab\/strategy-lab-22.html\" target=\"_blank\" rel=\"noopener\">Click here<\/a><\/p>\t\t\t\t\t\t\t\t<\/div>\n\t\t\t\t<\/div>\n\t\t\t\t<\/div>\n\t\t\t\t\t<\/div>\n\t\t\t\t<\/div>\n\t\t<div class=\"elementor-element elementor-element-b042636 e-flex e-con-boxed e-con e-parent\" data-id=\"b042636\" data-element_type=\"container\">\n\t\t\t\t\t<div class=\"e-con-inner\">\n\t\t<a class=\"elementor-element elementor-element-f6c1df2 e-con-full e-transform e-flex elementor-invisible e-con e-child\" data-id=\"f6c1df2\" data-element_type=\"container\" data-settings=\"{&quot;background_background&quot;:&quot;classic&quot;,&quot;animation&quot;:&quot;fadeInLeft&quot;,&quot;animation_delay&quot;:500,&quot;_transform_scale_effect_hover&quot;:{&quot;unit&quot;:&quot;px&quot;,&quot;size&quot;:0.97,&quot;sizes&quot;:[]},&quot;_transform_scale_effect_hover_tablet&quot;:{&quot;unit&quot;:&quot;px&quot;,&quot;size&quot;:&quot;&quot;,&quot;sizes&quot;:[]},&quot;_transform_scale_effect_hover_mobile&quot;:{&quot;unit&quot;:&quot;px&quot;,&quot;size&quot;:&quot;&quot;,&quot;sizes&quot;:[]}}\" href=\"https:\/\/digital-health-space.ch\/en\/health-apps\/\">\n\t\t\t\t<div class=\"elementor-element elementor-element-a7e3035 elementor-invisible elementor-widget elementor-widget-heading\" data-id=\"a7e3035\" data-element_type=\"widget\" data-settings=\"{&quot;_animation&quot;:&quot;fadeIn&quot;}\" data-widget_type=\"heading.default\">\n\t\t\t\t<div class=\"elementor-widget-container\">\n\t\t\t\t\t<h3 class=\"elementor-heading-title elementor-size-default\">Health Apps<\/h3>\t\t\t\t<\/div>\n\t\t\t\t<\/div>\n\t\t\t\t<\/a>\n\t\t<a class=\"elementor-element elementor-element-5e1096a e-con-full e-transform e-flex elementor-invisible e-con e-child\" data-id=\"5e1096a\" data-element_type=\"container\" data-settings=\"{&quot;background_background&quot;:&quot;classic&quot;,&quot;animation&quot;:&quot;fadeInRight&quot;,&quot;_transform_scale_effect_hover&quot;:{&quot;unit&quot;:&quot;px&quot;,&quot;size&quot;:0.97,&quot;sizes&quot;:[]},&quot;_transform_scale_effect_hover_tablet&quot;:{&quot;unit&quot;:&quot;px&quot;,&quot;size&quot;:&quot;&quot;,&quot;sizes&quot;:[]},&quot;_transform_scale_effect_hover_mobile&quot;:{&quot;unit&quot;:&quot;px&quot;,&quot;size&quot;:&quot;&quot;,&quot;sizes&quot;:[]}}\" href=\"https:\/\/digital-health-space.ch\/en\/publications\/\">\n\t\t\t\t<div class=\"elementor-element elementor-element-282012b elementor-invisible elementor-widget elementor-widget-image\" data-id=\"282012b\" data-element_type=\"widget\" data-settings=\"{&quot;_animation&quot;:&quot;fadeInUp&quot;,&quot;_animation_delay&quot;:200}\" data-widget_type=\"image.default\">\n\t\t\t\t<div class=\"elementor-widget-container\">\n\t\t\t\t\t\t\t\t\t\t\t\t\t\t\t<img decoding=\"async\" width=\"800\" height=\"800\" src=\"https:\/\/digital-health-space.ch\/wp-content\/uploads\/2025\/06\/Untitled-design-24-1024x1024.png\" class=\"attachment-large size-large wp-image-3134\" alt=\"\" srcset=\"https:\/\/digital-health-space.ch\/wp-content\/uploads\/2025\/06\/Untitled-design-24-1024x1024.png 1024w, https:\/\/digital-health-space.ch\/wp-content\/uploads\/2025\/06\/Untitled-design-24-768x768.png 768w, https:\/\/digital-health-space.ch\/wp-content\/uploads\/2025\/06\/Untitled-design-24.png 1563w\" sizes=\"(max-width: 800px) 100vw, 800px\" \/>\t\t\t\t\t\t\t\t\t\t\t\t\t\t\t<\/div>\n\t\t\t\t<\/div>\n\t\t\t\t<div class=\"elementor-element elementor-element-6099a2a elementor-invisible elementor-widget elementor-widget-heading\" data-id=\"6099a2a\" data-element_type=\"widget\" data-settings=\"{&quot;_animation&quot;:&quot;fadeIn&quot;}\" data-widget_type=\"heading.default\">\n\t\t\t\t<div class=\"elementor-widget-container\">\n\t\t\t\t\t<h3 class=\"elementor-heading-title elementor-size-default\">Publications<\/h3>\t\t\t\t<\/div>\n\t\t\t\t<\/div>\n\t\t\t\t<\/a>\n\t\t\t\t\t<\/div>\n\t\t\t\t<\/div>\n\t\t\t\t<\/div>","protected":false},"excerpt":{"rendered":"<p>Digitale Zwillinge Vorbereitet f\u00fcr die Zukunft K\u00fcnstliche Intelligenz (KI) wird in den kommenden Jahren die Pr\u00e4vention, Diagnose, Therapie und die Prozesse im Gesundheitswesen revolutionieren. Strategy Lab der Digital Society Initiative In diesem Zusammenhang haben wir im &#8222;Strategy Lab&#8220; der Digital Society Initiative (DSI)\u00a0 der Universit\u00e4t Z\u00fcrich zusammen mit Expert:innen in einem systematischen Prozess untersucht, wie [&hellip;]<\/p>","protected":false},"author":1,"featured_media":0,"parent":0,"menu_order":0,"comment_status":"closed","ping_status":"closed","template":"","meta":{"_acf_changed":false,"_monsterinsights_skip_tracking":false,"_monsterinsights_sitenote_active":false,"_monsterinsights_sitenote_note":"","_monsterinsights_sitenote_category":0,"footnotes":""},"class_list":["post-907","page","type-page","status-publish","hentry"],"acf":[],"yoast_head":"<!-- This site is optimized with the Yoast SEO plugin v25.7 - https:\/\/yoast.com\/wordpress\/plugins\/seo\/ -->\n<title>Digitaler Zwilling \u2013 Innovation in der Gesundheitsforschung | Uni Z\u00fcrich<\/title>\n<meta name=\"description\" content=\"Entdecken Sie den Einsatz des digitalen Zwillings an der Universit\u00e4t Z\u00fcrich \u2013 neue Ans\u00e4tze f\u00fcr personalisierte Gesundheitsl\u00f6sungen.\" \/>\n<meta name=\"robots\" content=\"index, follow, max-snippet:-1, max-image-preview:large, max-video-preview:-1\" \/>\n<link rel=\"canonical\" href=\"https:\/\/digital-health-space.ch\/en\/digital-twin\" \/>\n<meta property=\"og:locale\" content=\"en_GB\" \/>\n<meta property=\"og:type\" content=\"article\" \/>\n<meta property=\"og:title\" content=\"Digitaler Zwilling \u2013 Innovation in der Gesundheitsforschung | Uni Z\u00fcrich\" \/>\n<meta property=\"og:description\" content=\"Entdecken Sie den Einsatz des digitalen Zwillings an der Universit\u00e4t Z\u00fcrich \u2013 neue Ans\u00e4tze f\u00fcr personalisierte Gesundheitsl\u00f6sungen.\" \/>\n<meta property=\"og:url\" content=\"https:\/\/digital-health-space.ch\/en\/digital-twin\" \/>\n<meta property=\"og:site_name\" content=\"Digital Health Space\" \/>\n<meta property=\"article:modified_time\" content=\"2025-07-24T08:34:05+00:00\" \/>\n<meta property=\"og:image\" content=\"https:\/\/digital-health-space.ch\/wp-content\/uploads\/2025\/06\/Untitled-design-30-1.png\" \/>\n\t<meta property=\"og:image:width\" content=\"1563\" \/>\n\t<meta property=\"og:image:height\" content=\"1563\" \/>\n\t<meta property=\"og:image:type\" content=\"image\/png\" \/>\n<meta name=\"twitter:card\" content=\"summary_large_image\" \/>\n<meta name=\"twitter:label1\" content=\"Estimated reading time\" \/>\n\t<meta name=\"twitter:data1\" content=\"1 minute\" \/>\n<script type=\"application\/ld+json\" class=\"yoast-schema-graph\">{\"@context\":\"https:\/\/schema.org\",\"@graph\":[{\"@type\":\"WebPage\",\"@id\":\"https:\/\/digital-health-space.ch\/digital-twin\",\"url\":\"https:\/\/digital-health-space.ch\/digital-twin\",\"name\":\"Digitaler Zwilling \u2013 Innovation in der Gesundheitsforschung | Uni Z\u00fcrich\",\"isPartOf\":{\"@id\":\"https:\/\/digital-health-space.ch\/#website\"},\"primaryImageOfPage\":{\"@id\":\"https:\/\/digital-health-space.ch\/digital-twin#primaryimage\"},\"image\":{\"@id\":\"https:\/\/digital-health-space.ch\/digital-twin#primaryimage\"},\"thumbnailUrl\":\"https:\/\/digital-health-space.ch\/wp-content\/uploads\/2025\/06\/Untitled-design-30-1-1024x1024.png\",\"datePublished\":\"2024-10-29T13:39:35+00:00\",\"dateModified\":\"2025-07-24T08:34:05+00:00\",\"description\":\"Entdecken Sie den Einsatz des digitalen Zwillings an der Universit\u00e4t Z\u00fcrich \u2013 neue Ans\u00e4tze f\u00fcr personalisierte Gesundheitsl\u00f6sungen.\",\"breadcrumb\":{\"@id\":\"https:\/\/digital-health-space.ch\/digital-twin#breadcrumb\"},\"inLanguage\":\"en-GB\",\"potentialAction\":[{\"@type\":\"ReadAction\",\"target\":[\"https:\/\/digital-health-space.ch\/digital-twin\"]}]},{\"@type\":\"ImageObject\",\"inLanguage\":\"en-GB\",\"@id\":\"https:\/\/digital-health-space.ch\/digital-twin#primaryimage\",\"url\":\"https:\/\/digital-health-space.ch\/wp-content\/uploads\/2025\/06\/Untitled-design-30-1-1024x1024.png\",\"contentUrl\":\"https:\/\/digital-health-space.ch\/wp-content\/uploads\/2025\/06\/Untitled-design-30-1-1024x1024.png\"},{\"@type\":\"BreadcrumbList\",\"@id\":\"https:\/\/digital-health-space.ch\/digital-twin#breadcrumb\",\"itemListElement\":[{\"@type\":\"ListItem\",\"position\":1,\"name\":\"Startseite\",\"item\":\"https:\/\/digital-health-space.ch\/\"},{\"@type\":\"ListItem\",\"position\":2,\"name\":\"Digital Twin\"}]},{\"@type\":\"WebSite\",\"@id\":\"https:\/\/digital-health-space.ch\/#website\",\"url\":\"https:\/\/digital-health-space.ch\/\",\"name\":\"Digital Health Space\",\"description\":\"Lehrstuhl f\u00fcr Komplement\u00e4r- und Integrative Medizin der Universit\u00e4t Z\u00fcrich\",\"publisher\":{\"@id\":\"https:\/\/digital-health-space.ch\/#organization\"},\"potentialAction\":[{\"@type\":\"SearchAction\",\"target\":{\"@type\":\"EntryPoint\",\"urlTemplate\":\"https:\/\/digital-health-space.ch\/?s={search_term_string}\"},\"query-input\":{\"@type\":\"PropertyValueSpecification\",\"valueRequired\":true,\"valueName\":\"search_term_string\"}}],\"inLanguage\":\"en-GB\"},{\"@type\":\"Organization\",\"@id\":\"https:\/\/digital-health-space.ch\/#organization\",\"name\":\"Digital Health Space\",\"url\":\"https:\/\/digital-health-space.ch\/\",\"logo\":{\"@type\":\"ImageObject\",\"inLanguage\":\"en-GB\",\"@id\":\"https:\/\/digital-health-space.ch\/#\/schema\/logo\/image\/\",\"url\":\"https:\/\/digital-health-space.ch\/wp-content\/uploads\/2024\/10\/cropped-Logo-Medium-scaled-1.webp\",\"contentUrl\":\"https:\/\/digital-health-space.ch\/wp-content\/uploads\/2024\/10\/cropped-Logo-Medium-scaled-1.webp\",\"width\":2560,\"height\":236,\"caption\":\"Digital Health Space\"},\"image\":{\"@id\":\"https:\/\/digital-health-space.ch\/#\/schema\/logo\/image\/\"}}]}<\/script>\n<!-- \/ Yoast SEO plugin. -->","yoast_head_json":{"title":"Digitaler Zwilling \u2013 Innovation in der Gesundheitsforschung | Uni Z\u00fcrich","description":"Entdecken Sie den Einsatz des digitalen Zwillings an der Universit\u00e4t Z\u00fcrich \u2013 neue Ans\u00e4tze f\u00fcr personalisierte Gesundheitsl\u00f6sungen.","robots":{"index":"index","follow":"follow","max-snippet":"max-snippet:-1","max-image-preview":"max-image-preview:large","max-video-preview":"max-video-preview:-1"},"canonical":"https:\/\/digital-health-space.ch\/en\/digital-twin","og_locale":"en_GB","og_type":"article","og_title":"Digitaler Zwilling \u2013 Innovation in der Gesundheitsforschung | Uni Z\u00fcrich","og_description":"Entdecken Sie den Einsatz des digitalen Zwillings an der Universit\u00e4t Z\u00fcrich \u2013 neue Ans\u00e4tze f\u00fcr personalisierte Gesundheitsl\u00f6sungen.","og_url":"https:\/\/digital-health-space.ch\/en\/digital-twin","og_site_name":"Digital Health Space","article_modified_time":"2025-07-24T08:34:05+00:00","og_image":[{"width":1563,"height":1563,"url":"https:\/\/digital-health-space.ch\/wp-content\/uploads\/2025\/06\/Untitled-design-30-1.png","type":"image\/png"}],"twitter_card":"summary_large_image","twitter_misc":{"Estimated reading time":"1 minute"},"schema":{"@context":"https:\/\/schema.org","@graph":[{"@type":"WebPage","@id":"https:\/\/digital-health-space.ch\/digital-twin","url":"https:\/\/digital-health-space.ch\/digital-twin","name":"Digitaler Zwilling \u2013 Innovation in der Gesundheitsforschung | Uni Z\u00fcrich","isPartOf":{"@id":"https:\/\/digital-health-space.ch\/#website"},"primaryImageOfPage":{"@id":"https:\/\/digital-health-space.ch\/digital-twin#primaryimage"},"image":{"@id":"https:\/\/digital-health-space.ch\/digital-twin#primaryimage"},"thumbnailUrl":"https:\/\/digital-health-space.ch\/wp-content\/uploads\/2025\/06\/Untitled-design-30-1-1024x1024.png","datePublished":"2024-10-29T13:39:35+00:00","dateModified":"2025-07-24T08:34:05+00:00","description":"Entdecken Sie den Einsatz des digitalen Zwillings an der Universit\u00e4t Z\u00fcrich \u2013 neue Ans\u00e4tze f\u00fcr personalisierte Gesundheitsl\u00f6sungen.","breadcrumb":{"@id":"https:\/\/digital-health-space.ch\/digital-twin#breadcrumb"},"inLanguage":"en-GB","potentialAction":[{"@type":"ReadAction","target":["https:\/\/digital-health-space.ch\/digital-twin"]}]},{"@type":"ImageObject","inLanguage":"en-GB","@id":"https:\/\/digital-health-space.ch\/digital-twin#primaryimage","url":"https:\/\/digital-health-space.ch\/wp-content\/uploads\/2025\/06\/Untitled-design-30-1-1024x1024.png","contentUrl":"https:\/\/digital-health-space.ch\/wp-content\/uploads\/2025\/06\/Untitled-design-30-1-1024x1024.png"},{"@type":"BreadcrumbList","@id":"https:\/\/digital-health-space.ch\/digital-twin#breadcrumb","itemListElement":[{"@type":"ListItem","position":1,"name":"Startseite","item":"https:\/\/digital-health-space.ch\/"},{"@type":"ListItem","position":2,"name":"Digital Twin"}]},{"@type":"WebSite","@id":"https:\/\/digital-health-space.ch\/#website","url":"https:\/\/digital-health-space.ch\/","name":"Digital Health Space","description":"Chair of Complementary and Integrative Medicine at the University of Zurich","publisher":{"@id":"https:\/\/digital-health-space.ch\/#organization"},"potentialAction":[{"@type":"SearchAction","target":{"@type":"EntryPoint","urlTemplate":"https:\/\/digital-health-space.ch\/?s={search_term_string}"},"query-input":{"@type":"PropertyValueSpecification","valueRequired":true,"valueName":"search_term_string"}}],"inLanguage":"en-GB"},{"@type":"Organization","@id":"https:\/\/digital-health-space.ch\/#organization","name":"Digital Health Space","url":"https:\/\/digital-health-space.ch\/","logo":{"@type":"ImageObject","inLanguage":"en-GB","@id":"https:\/\/digital-health-space.ch\/#\/schema\/logo\/image\/","url":"https:\/\/digital-health-space.ch\/wp-content\/uploads\/2024\/10\/cropped-Logo-Medium-scaled-1.webp","contentUrl":"https:\/\/digital-health-space.ch\/wp-content\/uploads\/2024\/10\/cropped-Logo-Medium-scaled-1.webp","width":2560,"height":236,"caption":"Digital Health Space"},"image":{"@id":"https:\/\/digital-health-space.ch\/#\/schema\/logo\/image\/"}}]}},"_links":{"self":[{"href":"https:\/\/digital-health-space.ch\/en\/wp-json\/wp\/v2\/pages\/907","targetHints":{"allow":["GET"]}}],"collection":[{"href":"https:\/\/digital-health-space.ch\/en\/wp-json\/wp\/v2\/pages"}],"about":[{"href":"https:\/\/digital-health-space.ch\/en\/wp-json\/wp\/v2\/types\/page"}],"author":[{"embeddable":true,"href":"https:\/\/digital-health-space.ch\/en\/wp-json\/wp\/v2\/users\/1"}],"replies":[{"embeddable":true,"href":"https:\/\/digital-health-space.ch\/en\/wp-json\/wp\/v2\/comments?post=907"}],"version-history":[{"count":0,"href":"https:\/\/digital-health-space.ch\/en\/wp-json\/wp\/v2\/pages\/907\/revisions"}],"wp:attachment":[{"href":"https:\/\/digital-health-space.ch\/en\/wp-json\/wp\/v2\/media?parent=907"}],"curies":[{"name":"wp","href":"https:\/\/api.w.org\/{rel}","templated":true}]}}